{"id":26166,"date":"2020-09-30T11:45:03","date_gmt":"2020-12-15T10:24:19","guid":{"rendered":"http:\/\/shop.heliocos.de\/?post_type=product&#038;p=26166"},"modified":"2020-12-15T11:24:19","modified_gmt":"2020-12-15T10:24:19","slug":"titanova-baze-tibase-14","status":"publish","type":"product","link":"https:\/\/shop.heliocos.de\/cs\/produkt\/nobel-biocare-cs\/nobel-replace-tapered-nobel-biocare-cs\/titanova-baze-tibase-14\/","title":{"rendered":"Titanov\u00e1 b\u00e1ze (TiBase) pro Nobel Biocare\u00ae &#8211; Replace"},"content":{"rendered":"<p>Titanov\u00fd podstavec vhodn\u00fd pro implant\u00e1ty Nobel Biocare\u00ae s intern\u00edm t\u0159\u00edkan\u00e1lov\u00fdm p\u0159ipojen\u00edm. Pro cementovateln\u00e9 korunky pou\u017eijte titanov\u00fd lepic\u00ed z\u00e1klad.<\/p>\n<p>Sekund\u00e1rn\u00ed \u010d\u00e1st je vyrobena ze slitiny titanu. To zaji\u0161\u0165uje vynikaj\u00edc\u00ed biokompatibilitu a vysokou pevnost. Titanov\u00e9 b\u00e1ze Heliocos maj\u00ed vynikaj\u00edc\u00ed \u00fanavovou pevnost, co\u017e znamen\u00e1, \u017ee je dosa\u017eeno dlouhodob\u00e9 obnovy. Proto na titanov\u00e9 b\u00e1ze Heliocos poskytujeme 30letou z\u00e1ruku od v\u00fdrobce.<\/p>\n<p>Titanov\u00e9 z\u00e1kladny obdr\u017e\u00edte s definitivn\u00edm op\u011brn\u00fdm \u0161roubem. Op\u011brn\u00fd \u0161roub je tak\u00e9 vyroben ze slitiny titanu. M\u016f\u017eete i nad\u00e1le pou\u017e\u00edvat sv\u00e9 p\u016fvodn\u00ed n\u00e1stroje nebo n\u00e1stroje od Heliocos (\u0161roubov\u00e1k UniGrip). Titanov\u00e1 z\u00e1kladna a op\u011brn\u00fd \u0161roub jsou dod\u00e1v\u00e1ny jako sada. P\u0159ed pou\u017eit\u00edm si d\u00edly p\u0159ipravte. P\u0159e\u010dt\u011bte si pros\u00edm pokyny Heliocos v n\u00e1vodu k pou\u017eit\u00ed (Heliocos Downloads).<\/p>\n","protected":false},"excerpt":{"rendered":"<p>Titanov\u00fd podstavec vhodn\u00fd pro implant\u00e1ty Nobel Biocare\u00ae s intern\u00edm t\u0159\u00edkan\u00e1lov\u00fdm p\u0159ipojen\u00edm. Pro cementovateln\u00e9 korunky pou\u017eijte titanov\u00fd lepic\u00ed z\u00e1klad. Sekund\u00e1rn\u00ed \u010d\u00e1st je vyrobena ze slitiny titanu. To zaji\u0161\u0165uje vynikaj\u00edc\u00ed biokompatibilitu a vysokou pevnost. Titanov\u00e9 b\u00e1ze Heliocos maj\u00ed vynikaj\u00edc\u00ed \u00fanavovou pevnost, co\u017e znamen\u00e1, \u017ee je dosa\u017eeno dlouhodob\u00e9 obnovy. Proto na titanov\u00e9 b\u00e1ze Heliocos poskytujeme 30letou z\u00e1ruku od [&hellip;]<\/p>\n","protected":false},"featured_media":26169,"template":"","meta":[],"product_brand":[],"product_cat":[418],"product_tag":[391],"class_list":{"0":"post-26166","1":"product","2":"type-product","3":"status-publish","4":"has-post-thumbnail","6":"product_cat-nobel-replace-tapered-nobel-biocare-cs","7":"product_tag-titanova-baze-tibase","9":"first","10":"instock","11":"taxable","12":"shipping-taxable","13":"purchasable","14":"product-type-variable","15":"rtwpvg-product"},"_links":{"self":[{"href":"https:\/\/shop.heliocos.de\/cs\/wp-json\/wp\/v2\/product\/26166","targetHints":{"allow":["GET"]}}],"collection":[{"href":"https:\/\/shop.heliocos.de\/cs\/wp-json\/wp\/v2\/product"}],"about":[{"href":"https:\/\/shop.heliocos.de\/cs\/wp-json\/wp\/v2\/types\/product"}],"wp:featuredmedia":[{"embeddable":true,"href":"https:\/\/shop.heliocos.de\/cs\/wp-json\/wp\/v2\/media\/26169"}],"wp:attachment":[{"href":"https:\/\/shop.heliocos.de\/cs\/wp-json\/wp\/v2\/media?parent=26166"}],"wp:term":[{"taxonomy":"product_brand","embeddable":true,"href":"https:\/\/shop.heliocos.de\/cs\/wp-json\/wp\/v2\/product_brand?post=26166"},{"taxonomy":"product_cat","embeddable":true,"href":"https:\/\/shop.heliocos.de\/cs\/wp-json\/wp\/v2\/product_cat?post=26166"},{"taxonomy":"product_tag","embeddable":true,"href":"https:\/\/shop.heliocos.de\/cs\/wp-json\/wp\/v2\/product_tag?post=26166"}],"curies":[{"name":"wp","href":"https:\/\/api.w.org\/{rel}","templated":true}]}}