{"id":25644,"date":"2020-09-23T11:00:07","date_gmt":"2020-09-29T11:28:26","guid":{"rendered":"http:\/\/shop.heliocos.de\/?post_type=product&#038;p=25644"},"modified":"2021-05-19T15:05:45","modified_gmt":"2021-05-19T13:05:45","slug":"nastroj-multi-unit","status":"publish","type":"product","link":"https:\/\/shop.heliocos.de\/cs\/produkt\/nastroje\/nastroj-multi-unit\/","title":{"rendered":"N\u00e1stroj Multi-Unit"},"content":{"rendered":"<p>Ovlada\u010d pro Multi-Unit op\u011bra. P\u0159ipojen\u00ed pro r\u00e1\u010dnu \u0161estihrannou 6.4. Produkt je dod\u00e1v\u00e1n nesteriln\u00ed.<\/p>\n","protected":false},"excerpt":{"rendered":"<p>Ovlada\u010d pro Multi-Unit op\u011bra. P\u0159ipojen\u00ed pro r\u00e1\u010dnu \u0161estihrannou 6.4. Produkt je dod\u00e1v\u00e1n nesteriln\u00ed.<\/p>\n","protected":false},"featured_media":25639,"template":"","meta":[],"product_brand":[],"product_cat":[404,430],"product_tag":[562,561],"class_list":{"0":"post-25644","1":"product","2":"type-product","3":"status-publish","4":"has-post-thumbnail","6":"product_cat-nastroje","7":"product_cat-multi-unit-cs","8":"product_tag-multi-unit-cs-2","9":"product_tag-nastroj","11":"first","12":"instock","13":"taxable","14":"shipping-taxable","15":"purchasable","16":"product-type-simple"},"_links":{"self":[{"href":"https:\/\/shop.heliocos.de\/cs\/wp-json\/wp\/v2\/product\/25644","targetHints":{"allow":["GET"]}}],"collection":[{"href":"https:\/\/shop.heliocos.de\/cs\/wp-json\/wp\/v2\/product"}],"about":[{"href":"https:\/\/shop.heliocos.de\/cs\/wp-json\/wp\/v2\/types\/product"}],"wp:featuredmedia":[{"embeddable":true,"href":"https:\/\/shop.heliocos.de\/cs\/wp-json\/wp\/v2\/media\/25639"}],"wp:attachment":[{"href":"https:\/\/shop.heliocos.de\/cs\/wp-json\/wp\/v2\/media?parent=25644"}],"wp:term":[{"taxonomy":"product_brand","embeddable":true,"href":"https:\/\/shop.heliocos.de\/cs\/wp-json\/wp\/v2\/product_brand?post=25644"},{"taxonomy":"product_cat","embeddable":true,"href":"https:\/\/shop.heliocos.de\/cs\/wp-json\/wp\/v2\/product_cat?post=25644"},{"taxonomy":"product_tag","embeddable":true,"href":"https:\/\/shop.heliocos.de\/cs\/wp-json\/wp\/v2\/product_tag?post=25644"}],"curies":[{"name":"wp","href":"https:\/\/api.w.org\/{rel}","templated":true}]}}