{"id":25630,"date":"2020-09-22T12:16:25","date_gmt":"2020-09-23T09:04:10","guid":{"rendered":"http:\/\/shop.heliocos.de\/?post_type=product&#038;p=25630"},"modified":"2021-04-19T10:27:12","modified_gmt":"2021-04-19T08:27:12","slug":"zobrazovaci-prispevek-13","status":"publish","type":"product","link":"https:\/\/shop.heliocos.de\/cs\/produkt\/multi-unit-cs\/zobrazovaci-prispevek-13\/","title":{"rendered":"Zobrazovac\u00ed p\u0159\u00edsp\u011bvek Multi-Unit"},"content":{"rendered":"<p>P\u0159\u00edsp\u011bvky zobrazen\u00ed pro otev\u0159en\u00e1 zobrazen\u00ed na v\u00edcejednotkov\u00fdch podp\u011br\u00e1ch. Otiskovac\u00ed sloupek a \u0161roub jsou vyrobeny ze slitiny titanu. \u0160roub pro otiskovac\u00ed sloupek je k dispozici s r\u016fzn\u00fdmi p\u0159ipojen\u00edmi n\u00e1stroj\u016f<\/p>\n<p>Hex 1,01 = Ankylos\u00ae<\/p>\n<p>Hex 1,22 = Xive\u00ae S<\/p>\n<p>Hex 1,26 = Zimmer\u00ae, Camlog\u00ae, Astra Tech\u00ae<\/p>\n<p>Torx\u00ae T6 = Straumann\u00ae<\/p>\n<p>Unigrip = Nobel Biocare\u00ae.<\/p>\n<p>Otiskovac\u00ed sloupky z\u00edsk\u00e1te jako sada s jedn\u00edm \u0161roubem. V p\u0159\u00edpad\u011b pot\u0159eby m\u016f\u017eete p\u0159\u00edsp\u011bvek znovu zpracovat, jak \u010dasto chcete. Otisk obdr\u017e\u00edte nesteriln\u00ed, proto byste m\u011bli postupovat podle pokyn\u016f k p\u0159epracov\u00e1n\u00ed Heliocos v pokynech k pou\u017eit\u00ed (Heliocos ke sta\u017een\u00ed).<\/p>\n","protected":false},"excerpt":{"rendered":"<p>P\u0159\u00edsp\u011bvky zobrazen\u00ed pro otev\u0159en\u00e1 zobrazen\u00ed na v\u00edcejednotkov\u00fdch podp\u011br\u00e1ch. Otiskovac\u00ed sloupek a \u0161roub jsou vyrobeny ze slitiny titanu. \u0160roub pro otiskovac\u00ed sloupek je k dispozici s r\u016fzn\u00fdmi p\u0159ipojen\u00edmi n\u00e1stroj\u016f Hex 1,01 = Ankylos\u00ae Hex 1,22 = Xive\u00ae S Hex 1,26 = Zimmer\u00ae, Camlog\u00ae, Astra Tech\u00ae Torx\u00ae T6 = Straumann\u00ae Unigrip = Nobel Biocare\u00ae. Otiskovac\u00ed sloupky z\u00edsk\u00e1te [&hellip;]<\/p>\n","protected":false},"featured_media":24950,"template":"","meta":[],"product_brand":[],"product_cat":[430],"product_tag":[562,388],"class_list":{"0":"post-25630","1":"product","2":"type-product","3":"status-publish","4":"has-post-thumbnail","6":"product_cat-multi-unit-cs","7":"product_tag-multi-unit-cs-2","8":"product_tag-multi-unit-opera","10":"first","11":"instock","12":"taxable","13":"shipping-taxable","14":"purchasable","15":"product-type-variable","16":"rtwpvg-product"},"_links":{"self":[{"href":"https:\/\/shop.heliocos.de\/cs\/wp-json\/wp\/v2\/product\/25630","targetHints":{"allow":["GET"]}}],"collection":[{"href":"https:\/\/shop.heliocos.de\/cs\/wp-json\/wp\/v2\/product"}],"about":[{"href":"https:\/\/shop.heliocos.de\/cs\/wp-json\/wp\/v2\/types\/product"}],"wp:featuredmedia":[{"embeddable":true,"href":"https:\/\/shop.heliocos.de\/cs\/wp-json\/wp\/v2\/media\/24950"}],"wp:attachment":[{"href":"https:\/\/shop.heliocos.de\/cs\/wp-json\/wp\/v2\/media?parent=25630"}],"wp:term":[{"taxonomy":"product_brand","embeddable":true,"href":"https:\/\/shop.heliocos.de\/cs\/wp-json\/wp\/v2\/product_brand?post=25630"},{"taxonomy":"product_cat","embeddable":true,"href":"https:\/\/shop.heliocos.de\/cs\/wp-json\/wp\/v2\/product_cat?post=25630"},{"taxonomy":"product_tag","embeddable":true,"href":"https:\/\/shop.heliocos.de\/cs\/wp-json\/wp\/v2\/product_tag?post=25630"}],"curies":[{"name":"wp","href":"https:\/\/api.w.org\/{rel}","templated":true}]}}