{"id":25426,"date":"2020-09-17T09:44:06","date_gmt":"2020-09-17T07:44:06","guid":{"rendered":"http:\/\/shop.heliocos.de\/produkt\/nezarazene\/uhlova-opera-5\/"},"modified":"2021-01-20T15:45:32","modified_gmt":"2021-01-20T14:45:32","slug":"uhlova-opera-5","status":"publish","type":"product","link":"https:\/\/shop.heliocos.de\/cs\/produkt\/straumann-cs\/tissue-level-cs\/uhlova-opera-5\/","title":{"rendered":"\u00dahlov\u00e1 op\u011bra pro Straumann\u00ae &#8211; Tissue Level"},"content":{"rendered":"<p>\u00dahlov\u00e1 op\u011bra odpov\u00edd\u00e1 Straumann\u00ae &#8211; Tissue Level. \u00dahlov\u00e1 sekund\u00e1rn\u00ed \u010d\u00e1st je vyrobena ze slitiny titanu. To zaji\u0161\u0165uje vynikaj\u00edc\u00ed biokompatibilitu a vysokou pevnost. \u00dahlov\u00e9 op\u011bry jsou zaji\u0161t\u011bny proti rotaci a jsou ur\u010deny pro cementovanou n\u00e1hradu. \u00dahlov\u00e1 sekund\u00e1rn\u00ed \u010d\u00e1st se vyzna\u010duje vysoce p\u0159esn\u00fdm spojen\u00edm. Proto poskytujeme 30letou z\u00e1ruku v\u00fdrobce na \u0161ikm\u00e9 podp\u011bry.<\/p>\n<p>\u00dahlov\u00e9 op\u011bry jsou dod\u00e1v\u00e1ny s definitivn\u00edm op\u011brn\u00fdm \u0161roubem. Op\u011brn\u00fd \u0161roub je tak\u00e9 vyroben ze slitiny titanu. M\u016f\u017eete i nad\u00e1le pou\u017e\u00edvat sv\u00e9 p\u016fvodn\u00ed n\u00e1stroje nebo n\u00e1stroje od spole\u010dnosti Heliocos. \u0160ikm\u00fd doraz a dorazov\u00fd \u0161roub jsou dod\u00e1v\u00e1ny jako sada. D\u00edly jsou nesteriln\u00ed a p\u0159ed pou\u017eit\u00edm mus\u00edte produkty znovu zpracovat. P\u0159e\u010dt\u011bte si pros\u00edm pokyny Heliocos v n\u00e1vodu k pou\u017eit\u00ed (Heliocos Downloads).<\/p>\n","protected":false},"excerpt":{"rendered":"<p>\u00dahlov\u00e1 op\u011bra odpov\u00edd\u00e1 Straumann\u00ae &#8211; Tissue Level. \u00dahlov\u00e1 sekund\u00e1rn\u00ed \u010d\u00e1st je vyrobena ze slitiny titanu. To zaji\u0161\u0165uje vynikaj\u00edc\u00ed biokompatibilitu a vysokou pevnost. \u00dahlov\u00e9 op\u011bry jsou zaji\u0161t\u011bny proti rotaci a jsou ur\u010deny pro cementovanou n\u00e1hradu. \u00dahlov\u00e1 sekund\u00e1rn\u00ed \u010d\u00e1st se vyzna\u010duje vysoce p\u0159esn\u00fdm spojen\u00edm. Proto poskytujeme 30letou z\u00e1ruku v\u00fdrobce na \u0161ikm\u00e9 podp\u011bry. \u00dahlov\u00e9 op\u011bry jsou dod\u00e1v\u00e1ny s [&hellip;]<\/p>\n","protected":false},"featured_media":25403,"template":"","meta":[],"product_brand":[],"product_cat":[422],"product_tag":[380],"class_list":{"0":"post-25426","1":"product","2":"type-product","3":"status-publish","4":"has-post-thumbnail","6":"product_cat-tissue-level-cs","7":"product_tag-uhlova-opera","9":"first","10":"instock","11":"taxable","12":"shipping-taxable","13":"purchasable","14":"product-type-variable","15":"rtwpvg-product"},"_links":{"self":[{"href":"https:\/\/shop.heliocos.de\/cs\/wp-json\/wp\/v2\/product\/25426","targetHints":{"allow":["GET"]}}],"collection":[{"href":"https:\/\/shop.heliocos.de\/cs\/wp-json\/wp\/v2\/product"}],"about":[{"href":"https:\/\/shop.heliocos.de\/cs\/wp-json\/wp\/v2\/types\/product"}],"wp:featuredmedia":[{"embeddable":true,"href":"https:\/\/shop.heliocos.de\/cs\/wp-json\/wp\/v2\/media\/25403"}],"wp:attachment":[{"href":"https:\/\/shop.heliocos.de\/cs\/wp-json\/wp\/v2\/media?parent=25426"}],"wp:term":[{"taxonomy":"product_brand","embeddable":true,"href":"https:\/\/shop.heliocos.de\/cs\/wp-json\/wp\/v2\/product_brand?post=25426"},{"taxonomy":"product_cat","embeddable":true,"href":"https:\/\/shop.heliocos.de\/cs\/wp-json\/wp\/v2\/product_cat?post=25426"},{"taxonomy":"product_tag","embeddable":true,"href":"https:\/\/shop.heliocos.de\/cs\/wp-json\/wp\/v2\/product_tag?post=25426"}],"curies":[{"name":"wp","href":"https:\/\/api.w.org\/{rel}","templated":true}]}}