{"id":25386,"date":"2020-06-30T22:11:03","date_gmt":"2020-06-30T20:11:03","guid":{"rendered":"http:\/\/shop.heliocos.de\/produkt\/nezarazene\/nastroj-torx\/"},"modified":"2020-11-17T15:41:28","modified_gmt":"2020-11-17T14:41:28","slug":"nastroj-torx","status":"publish","type":"product","link":"https:\/\/shop.heliocos.de\/cs\/produkt\/nastroje\/straumann-instrumente-cs\/nastroj-torx\/","title":{"rendered":"n\u00e1stroj Torx\u00ae"},"content":{"rendered":"<p>Budi\u010d s p\u0159ipojen\u00edm Torx\u00ae T6 pro Straumannm\u00ae vyroben\u00fd z l\u00e9ka\u0159sk\u00e9 nerezov\u00e9 oceli. V z\u00e1vislosti na situaci si m\u016f\u017eete vybrat ze dvou d\u00e9lek.<\/p>\n<p>Nab\u00edz\u00edme \u0161roubov\u00e1ky s rohatkov\u00fdm p\u0159ipojen\u00edm (r\u00e1\u010dnou) a p\u0159ipojen\u00edm pro kol\u00e9nkov\u00e9 n\u00e1sadce, tak\u017ee si m\u016f\u017eete vybrat ten spr\u00e1vn\u00fd pro st\u00e1vaj\u00edc\u00ed za\u0159\u00edzen\u00ed.<\/p>\n<p>N\u00e1stroje m\u016f\u017eete p\u0159epracovat, viz pokyny pro p\u0159epracov\u00e1n\u00ed Heliocos v n\u00e1vodu k pou\u017eit\u00ed (Heliocos ke sta\u017een\u00ed).<\/p>\n","protected":false},"excerpt":{"rendered":"<p>Budi\u010d s p\u0159ipojen\u00edm Torx\u00ae T6 pro Straumannm\u00ae vyroben\u00fd z l\u00e9ka\u0159sk\u00e9 nerezov\u00e9 oceli. V z\u00e1vislosti na situaci si m\u016f\u017eete vybrat ze dvou d\u00e9lek. Nab\u00edz\u00edme \u0161roubov\u00e1ky s rohatkov\u00fdm p\u0159ipojen\u00edm (r\u00e1\u010dnou) a p\u0159ipojen\u00edm pro kol\u00e9nkov\u00e9 n\u00e1sadce, tak\u017ee si m\u016f\u017eete vybrat ten spr\u00e1vn\u00fd pro st\u00e1vaj\u00edc\u00ed za\u0159\u00edzen\u00ed. N\u00e1stroje m\u016f\u017eete p\u0159epracovat, viz pokyny pro p\u0159epracov\u00e1n\u00ed Heliocos v n\u00e1vodu k pou\u017eit\u00ed (Heliocos [&hellip;]<\/p>\n","protected":false},"featured_media":26441,"template":"","meta":[],"product_brand":[],"product_cat":[410],"product_tag":[377],"class_list":{"0":"post-25386","1":"product","2":"type-product","3":"status-publish","4":"has-post-thumbnail","6":"product_cat-straumann-instrumente-cs","7":"product_tag-pristrojovy-torx","9":"first","10":"instock","11":"taxable","12":"shipping-taxable","13":"purchasable","14":"product-type-variable","15":"rtwpvg-product"},"_links":{"self":[{"href":"https:\/\/shop.heliocos.de\/cs\/wp-json\/wp\/v2\/product\/25386","targetHints":{"allow":["GET"]}}],"collection":[{"href":"https:\/\/shop.heliocos.de\/cs\/wp-json\/wp\/v2\/product"}],"about":[{"href":"https:\/\/shop.heliocos.de\/cs\/wp-json\/wp\/v2\/types\/product"}],"wp:featuredmedia":[{"embeddable":true,"href":"https:\/\/shop.heliocos.de\/cs\/wp-json\/wp\/v2\/media\/26441"}],"wp:attachment":[{"href":"https:\/\/shop.heliocos.de\/cs\/wp-json\/wp\/v2\/media?parent=25386"}],"wp:term":[{"taxonomy":"product_brand","embeddable":true,"href":"https:\/\/shop.heliocos.de\/cs\/wp-json\/wp\/v2\/product_brand?post=25386"},{"taxonomy":"product_cat","embeddable":true,"href":"https:\/\/shop.heliocos.de\/cs\/wp-json\/wp\/v2\/product_cat?post=25386"},{"taxonomy":"product_tag","embeddable":true,"href":"https:\/\/shop.heliocos.de\/cs\/wp-json\/wp\/v2\/product_tag?post=25386"}],"curies":[{"name":"wp","href":"https:\/\/api.w.org\/{rel}","templated":true}]}}