{"id":25313,"date":"2020-08-24T13:07:58","date_gmt":"2020-09-23T09:38:05","guid":{"rendered":"http:\/\/shop.heliocos.de\/?post_type=product&#038;p=25313"},"modified":"2020-10-09T10:11:09","modified_gmt":"2020-10-09T08:11:09","slug":"laboratorni-implantat-multi-unit","status":"publish","type":"product","link":"https:\/\/shop.heliocos.de\/cs\/produkt\/multi-unit-cs\/laboratorni-implantat-multi-unit\/","title":{"rendered":"Laboratorn\u00ed implant\u00e1t Multi-Unit"},"content":{"rendered":"<p>Laboratorn\u00ed analog vyroben\u00fd z titanu t\u0159\u00eddy 5 pro v\u00edced\u00edln\u00e9 op\u011bry. D\u00e9lka 12 mm, \u00d8 4,8 mm.<\/p>\n","protected":false},"excerpt":{"rendered":"<p>Laboratorn\u00ed analog vyroben\u00fd z titanu t\u0159\u00eddy 5 pro v\u00edced\u00edln\u00e9 op\u011bry. D\u00e9lka 12 mm, \u00d8 4,8 mm.<\/p>\n","protected":false},"featured_media":25303,"template":"","meta":[],"product_brand":[],"product_cat":[430],"product_tag":[384,388],"class_list":{"0":"post-25313","1":"product","2":"type-product","3":"status-publish","4":"has-post-thumbnail","6":"product_cat-multi-unit-cs","7":"product_tag-laboratorni-implantat","8":"product_tag-multi-unit-opera","10":"first","11":"instock","12":"taxable","13":"shipping-taxable","14":"purchasable","15":"product-type-simple"},"_links":{"self":[{"href":"https:\/\/shop.heliocos.de\/cs\/wp-json\/wp\/v2\/product\/25313","targetHints":{"allow":["GET"]}}],"collection":[{"href":"https:\/\/shop.heliocos.de\/cs\/wp-json\/wp\/v2\/product"}],"about":[{"href":"https:\/\/shop.heliocos.de\/cs\/wp-json\/wp\/v2\/types\/product"}],"wp:featuredmedia":[{"embeddable":true,"href":"https:\/\/shop.heliocos.de\/cs\/wp-json\/wp\/v2\/media\/25303"}],"wp:attachment":[{"href":"https:\/\/shop.heliocos.de\/cs\/wp-json\/wp\/v2\/media?parent=25313"}],"wp:term":[{"taxonomy":"product_brand","embeddable":true,"href":"https:\/\/shop.heliocos.de\/cs\/wp-json\/wp\/v2\/product_brand?post=25313"},{"taxonomy":"product_cat","embeddable":true,"href":"https:\/\/shop.heliocos.de\/cs\/wp-json\/wp\/v2\/product_cat?post=25313"},{"taxonomy":"product_tag","embeddable":true,"href":"https:\/\/shop.heliocos.de\/cs\/wp-json\/wp\/v2\/product_tag?post=25313"}],"curies":[{"name":"wp","href":"https:\/\/api.w.org\/{rel}","templated":true}]}}