{"id":25293,"date":"2020-06-30T22:09:20","date_gmt":"2020-06-30T20:09:20","guid":{"rendered":"http:\/\/shop.heliocos.de\/produkt\/nezarazene\/scanbody-12\/"},"modified":"2020-11-12T12:36:21","modified_gmt":"2020-11-12T11:36:21","slug":"scanbody-12","status":"publish","type":"product","link":"https:\/\/shop.heliocos.de\/cs\/produkt\/straumann-cs\/bone-level-cs\/scanbody-12\/","title":{"rendered":"Scanbody pro Straumann\u00ae \u2013 Bone Level"},"content":{"rendered":"<p>Scanbody vhodn\u00e9 pro Straumann\u00ae &#8211; Bone Level. Skenovac\u00ed t\u011blo je vyrobeno z titanu t\u0159\u00eddy 4 a m\u00e1 speci\u00e1ln\u00ed eloxaci.<\/p>\n<p>Scanbody m\u016f\u017eete p\u0159epracovat tak \u010dasto, jak chcete. Scanbody dostanete nesteriln\u00ed. \u0158i\u010fte se pros\u00edm pokyny Heliocos v n\u00e1vodu k pou\u017eit\u00ed (Heliocos Downloads).<\/p>\n<p>Scanbody obdr\u017e\u00edte s definitivn\u00edm op\u011brn\u00fdm \u0161roubem, kter\u00fd je tak\u00e9 vyroben ze slitiny titanu. M\u016f\u017eete nad\u00e1le pou\u017e\u00edvat sv\u00e9 p\u016fvodn\u00ed n\u00e1stroje nebo n\u00e1stroje od spole\u010dnosti Heliocos (ovlada\u010d Torx\u00ae).<\/p>\n<p>Vezm\u011bte pros\u00edm na v\u011bdom\u00ed dostupnost knihoven Heliocos v procesn\u00edm \u0159et\u011bzci CAD \/ CAM. Knihovny si m\u016f\u017eete st\u00e1hnout z webov\u00fdch str\u00e1nek Heliocos (Heliocos Downloads). Dal\u0161\u00ed informace o dostupn\u00fdch knihovn\u00e1ch a po\u017eadavc\u00edch na procesn\u00ed \u0159et\u011bzec CAD \/ CAM najdete v na\u0161em p\u0159\u00edsp\u011bvku na blogu (blog Heliocos).<\/p>\n<p>Chcete-li vytvo\u0159it jednotliv\u00e9 op\u011bry, m\u011bli byste pou\u017e\u00edt na\u0161e skenovac\u00ed t\u011bla. Bez ohledu na to, zda m\u00e1te jednod\u00edln\u00e9 jednotliv\u00e9 pil\u00ed\u0159e nebo okluzn\u011b \u0161roubovan\u00e9 korunky.<\/p>\n","protected":false},"excerpt":{"rendered":"<p>Scanbody vhodn\u00e9 pro Straumann\u00ae &#8211; Bone Level. Skenovac\u00ed t\u011blo je vyrobeno z titanu t\u0159\u00eddy 4 a m\u00e1 speci\u00e1ln\u00ed eloxaci. Scanbody m\u016f\u017eete p\u0159epracovat tak \u010dasto, jak chcete. Scanbody dostanete nesteriln\u00ed. \u0158i\u010fte se pros\u00edm pokyny Heliocos v n\u00e1vodu k pou\u017eit\u00ed (Heliocos Downloads). Scanbody obdr\u017e\u00edte s definitivn\u00edm op\u011brn\u00fdm \u0161roubem, kter\u00fd je tak\u00e9 vyroben ze slitiny titanu. M\u016f\u017eete nad\u00e1le [&hellip;]<\/p>\n","protected":false},"featured_media":25294,"template":"","meta":[],"product_brand":[],"product_cat":[421],"product_tag":[390],"class_list":{"0":"post-25293","1":"product","2":"type-product","3":"status-publish","4":"has-post-thumbnail","6":"product_cat-bone-level-cs","7":"product_tag-scanbody-cs","9":"first","10":"instock","11":"taxable","12":"shipping-taxable","13":"purchasable","14":"product-type-variable","15":"rtwpvg-product"},"_links":{"self":[{"href":"https:\/\/shop.heliocos.de\/cs\/wp-json\/wp\/v2\/product\/25293","targetHints":{"allow":["GET"]}}],"collection":[{"href":"https:\/\/shop.heliocos.de\/cs\/wp-json\/wp\/v2\/product"}],"about":[{"href":"https:\/\/shop.heliocos.de\/cs\/wp-json\/wp\/v2\/types\/product"}],"wp:featuredmedia":[{"embeddable":true,"href":"https:\/\/shop.heliocos.de\/cs\/wp-json\/wp\/v2\/media\/25294"}],"wp:attachment":[{"href":"https:\/\/shop.heliocos.de\/cs\/wp-json\/wp\/v2\/media?parent=25293"}],"wp:term":[{"taxonomy":"product_brand","embeddable":true,"href":"https:\/\/shop.heliocos.de\/cs\/wp-json\/wp\/v2\/product_brand?post=25293"},{"taxonomy":"product_cat","embeddable":true,"href":"https:\/\/shop.heliocos.de\/cs\/wp-json\/wp\/v2\/product_cat?post=25293"},{"taxonomy":"product_tag","embeddable":true,"href":"https:\/\/shop.heliocos.de\/cs\/wp-json\/wp\/v2\/product_tag?post=25293"}],"curies":[{"name":"wp","href":"https:\/\/api.w.org\/{rel}","templated":true}]}}