{"id":25269,"date":"2020-06-30T22:10:02","date_gmt":"2020-06-30T20:10:02","guid":{"rendered":"http:\/\/shop.heliocos.de\/produkt\/nezarazene\/scanbody-9\/"},"modified":"2020-11-13T13:34:35","modified_gmt":"2020-11-13T12:34:35","slug":"scanbody-9","status":"publish","type":"product","link":"https:\/\/shop.heliocos.de\/cs\/produkt\/dentsply-cs\/astra-tech-osseospeed-tx-cs\/scanbody-9\/","title":{"rendered":"Scanbody pro Astra Tech\u00ae OsseoSpeed\u00ae TX"},"content":{"rendered":"<p>Scanbody vhodn\u00e9 pro Dentsply\u00ae &#8211; Astra Tech\u00ae OsseoSpeed\u00ae TX vyroben\u00e9 z titanu t\u0159\u00eddy 4 se speci\u00e1ln\u00ed eloxac\u00ed.<\/p>\n<p>Scanbody m\u016f\u017eete p\u0159epracovat tak \u010dasto, jak chcete. Proto\u017ee je skenovac\u00ed t\u011blo dod\u00e1v\u00e1no nesteriln\u00ed, mus\u00edte si ho p\u0159ed pou\u017eit\u00edm p\u0159ipravit. \u0158i\u010fte se pros\u00edm pokyny Heliocos v n\u00e1vodu k pou\u017eit\u00ed (Heliocos Downloads).<\/p>\n<p>Scanbody dostanete jako sadu s definitivn\u00edm op\u011brn\u00fdm \u0161roubem, kter\u00fd je tak\u00e9 vyroben ze slitiny titanu. M\u016f\u017eete pokra\u010dovat v pou\u017e\u00edv\u00e1n\u00ed sv\u00fdch p\u016fvodn\u00edch n\u00e1stroj\u016f nebo m\u016f\u017eete pou\u017e\u00edt n\u00e1stroje Heliocos (\u0161estihrann\u00fd \u0161roubov\u00e1k).<\/p>\n<p>Vezm\u011bte pros\u00edm na v\u011bdom\u00ed dostupnost knihoven Heliocos v procesn\u00edm \u0159et\u011bzci CAD \/ CAM. Knihovny si m\u016f\u017eete st\u00e1hnout z webov\u00fdch str\u00e1nek Heliocos (Heliocos Downloads). Dal\u0161\u00ed informace o dostupn\u00fdch knihovn\u00e1ch a po\u017eadavc\u00edch na procesn\u00ed \u0159et\u011bzec CAD \/ CAM najdete v na\u0161em p\u0159\u00edsp\u011bvku na blogu (blog Heliocos).<\/p>\n<p>Pokud chcete navrhnout jednotliv\u00e9 op\u011bry, m\u011bli byste pou\u017e\u00edt na\u0161e skenovac\u00ed t\u011bla. Bez ohledu na to, zda chcete vyr\u00e1b\u011bt jednod\u00edln\u00e9 jednotliv\u00e9 pil\u00ed\u0159e nebo okluz\u00e1ln\u011b za\u0161roubovan\u00e9 korunky.<\/p>\n","protected":false},"excerpt":{"rendered":"<p>Scanbody vhodn\u00e9 pro Dentsply\u00ae &#8211; Astra Tech\u00ae OsseoSpeed\u00ae TX vyroben\u00e9 z titanu t\u0159\u00eddy 4 se speci\u00e1ln\u00ed eloxac\u00ed. Scanbody m\u016f\u017eete p\u0159epracovat tak \u010dasto, jak chcete. Proto\u017ee je skenovac\u00ed t\u011blo dod\u00e1v\u00e1no nesteriln\u00ed, mus\u00edte si ho p\u0159ed pou\u017eit\u00edm p\u0159ipravit. \u0158i\u010fte se pros\u00edm pokyny Heliocos v n\u00e1vodu k pou\u017eit\u00ed (Heliocos Downloads). Scanbody dostanete jako sadu s definitivn\u00edm op\u011brn\u00fdm \u0161roubem, [&hellip;]<\/p>\n","protected":false},"featured_media":25270,"template":"","meta":[],"product_brand":[],"product_cat":[402],"product_tag":[390],"class_list":{"0":"post-25269","1":"product","2":"type-product","3":"status-publish","4":"has-post-thumbnail","6":"product_cat-astra-tech-osseospeed-tx-cs","7":"product_tag-scanbody-cs","9":"first","10":"instock","11":"taxable","12":"shipping-taxable","13":"purchasable","14":"product-type-variable","15":"rtwpvg-product"},"_links":{"self":[{"href":"https:\/\/shop.heliocos.de\/cs\/wp-json\/wp\/v2\/product\/25269","targetHints":{"allow":["GET"]}}],"collection":[{"href":"https:\/\/shop.heliocos.de\/cs\/wp-json\/wp\/v2\/product"}],"about":[{"href":"https:\/\/shop.heliocos.de\/cs\/wp-json\/wp\/v2\/types\/product"}],"wp:featuredmedia":[{"embeddable":true,"href":"https:\/\/shop.heliocos.de\/cs\/wp-json\/wp\/v2\/media\/25270"}],"wp:attachment":[{"href":"https:\/\/shop.heliocos.de\/cs\/wp-json\/wp\/v2\/media?parent=25269"}],"wp:term":[{"taxonomy":"product_brand","embeddable":true,"href":"https:\/\/shop.heliocos.de\/cs\/wp-json\/wp\/v2\/product_brand?post=25269"},{"taxonomy":"product_cat","embeddable":true,"href":"https:\/\/shop.heliocos.de\/cs\/wp-json\/wp\/v2\/product_cat?post=25269"},{"taxonomy":"product_tag","embeddable":true,"href":"https:\/\/shop.heliocos.de\/cs\/wp-json\/wp\/v2\/product_tag?post=25269"}],"curies":[{"name":"wp","href":"https:\/\/api.w.org\/{rel}","templated":true}]}}