{"id":25144,"date":"2020-08-14T11:16:43","date_gmt":"2020-10-13T08:11:32","guid":{"rendered":"http:\/\/shop.heliocos.de\/?post_type=product&#038;p=25144"},"modified":"2021-04-20T08:45:56","modified_gmt":"2021-04-20T06:45:56","slug":"titanovy-uzaver-multi-unit","status":"publish","type":"product","link":"https:\/\/shop.heliocos.de\/cs\/produkt\/multi-unit-cs\/titanovy-uzaver-multi-unit\/","title":{"rendered":"Titanov\u00fd uz\u00e1v\u011br Multi-Unit"},"content":{"rendered":"<p>V\u00edced\u00edln\u00e1 titanov\u00e1 \u010depi\u010dka v\u010detn\u011b \u0161roubu pro v\u00edcejednotkov\u00e9 pil\u00ed\u0159e. \u0160rouby s v\u00edce jednotkami jsou k dispozici s r\u016fzn\u00fdmi p\u0159ipojen\u00edmi n\u00e1stroj\u016f<\/p>\n<p>Hex 1,01 = Ankylos\u00ae<\/p>\n<p>Hex 1,22 = Xive\u00ae S<\/p>\n<p>Hex 1,26 = Zimmer\u00ae, Camlog\u00ae, Astra Tech\u00ae<\/p>\n<p>Torx\u00ae T6 = Straumann\u00ae<\/p>\n<p>Unigrip = Nobel Biocare\u00ae.<\/p>\n<p>Titanov\u00fd uz\u00e1v\u011br je ur\u010den pro konven\u010dn\u00ed proces a lze jej sn\u00ed\u017eit. Produkt nen\u00ed obsa\u017een v knihovn\u011b CAD \/ CAM.<\/p>\n<p>V\u00edced\u00edln\u00e1 titanov\u00e1 \u010depi\u010dka je vhodn\u00e1 pro v\u0161echny v\u00edcejednotkov\u00e9 pil\u00ed\u0159e Heliocos, a proto ji mohou pou\u017e\u00edvat v\u0161ichni v\u00fdrobci implant\u00e1t\u016f. Titanov\u00fd uz\u00e1v\u011br je vyroben ze slitiny titanu. V\u00fdsledkem je vynikaj\u00edc\u00ed biokompatibilita.<\/p>\n<p>St\u00e1le m\u016f\u017eete pou\u017e\u00edvat sv\u00e9 p\u016fvodn\u00ed n\u00e1stroje nebo n\u00e1stroje od spole\u010dnosti Heliocos (\u0161roubovac\u00ed n\u00e1stroje). Titanov\u00e9 v\u00ed\u010dko a op\u011brn\u00fd \u0161roub jsou dod\u00e1v\u00e1ny jako sada. P\u0159ed pou\u017eit\u00edm si d\u00edly p\u0159ipravte. P\u0159e\u010dt\u011bte si pros\u00edm pokyny Heliocos v n\u00e1vodu k pou\u017eit\u00ed (Heliocos Downloads).<\/p>\n","protected":false},"excerpt":{"rendered":"<p>V\u00edced\u00edln\u00e1 titanov\u00e1 \u010depi\u010dka v\u010detn\u011b \u0161roubu pro v\u00edcejednotkov\u00e9 pil\u00ed\u0159e. \u0160rouby s v\u00edce jednotkami jsou k dispozici s r\u016fzn\u00fdmi p\u0159ipojen\u00edmi n\u00e1stroj\u016f Hex 1,01 = Ankylos\u00ae Hex 1,22 = Xive\u00ae S Hex 1,26 = Zimmer\u00ae, Camlog\u00ae, Astra Tech\u00ae Torx\u00ae T6 = Straumann\u00ae Unigrip = Nobel Biocare\u00ae. Titanov\u00fd uz\u00e1v\u011br je ur\u010den pro konven\u010dn\u00ed proces a lze jej sn\u00ed\u017eit. Produkt [&hellip;]<\/p>\n","protected":false},"featured_media":24918,"template":"","meta":[],"product_brand":[],"product_cat":[430],"product_tag":[562,388,531],"class_list":{"0":"post-25144","1":"product","2":"type-product","3":"status-publish","4":"has-post-thumbnail","6":"product_cat-multi-unit-cs","7":"product_tag-multi-unit-cs-2","8":"product_tag-multi-unit-opera","9":"product_tag-titanovy-uzaver","11":"first","12":"instock","13":"taxable","14":"shipping-taxable","15":"purchasable","16":"product-type-variable","17":"rtwpvg-product"},"_links":{"self":[{"href":"https:\/\/shop.heliocos.de\/cs\/wp-json\/wp\/v2\/product\/25144","targetHints":{"allow":["GET"]}}],"collection":[{"href":"https:\/\/shop.heliocos.de\/cs\/wp-json\/wp\/v2\/product"}],"about":[{"href":"https:\/\/shop.heliocos.de\/cs\/wp-json\/wp\/v2\/types\/product"}],"wp:featuredmedia":[{"embeddable":true,"href":"https:\/\/shop.heliocos.de\/cs\/wp-json\/wp\/v2\/media\/24918"}],"wp:attachment":[{"href":"https:\/\/shop.heliocos.de\/cs\/wp-json\/wp\/v2\/media?parent=25144"}],"wp:term":[{"taxonomy":"product_brand","embeddable":true,"href":"https:\/\/shop.heliocos.de\/cs\/wp-json\/wp\/v2\/product_brand?post=25144"},{"taxonomy":"product_cat","embeddable":true,"href":"https:\/\/shop.heliocos.de\/cs\/wp-json\/wp\/v2\/product_cat?post=25144"},{"taxonomy":"product_tag","embeddable":true,"href":"https:\/\/shop.heliocos.de\/cs\/wp-json\/wp\/v2\/product_tag?post=25144"}],"curies":[{"name":"wp","href":"https:\/\/api.w.org\/{rel}","templated":true}]}}