{"id":25118,"date":"2020-06-30T22:11:09","date_gmt":"2020-06-30T20:11:09","guid":{"rendered":"http:\/\/shop.heliocos.de\/produkt\/nezarazene\/racna\/"},"modified":"2021-02-04T09:24:59","modified_gmt":"2021-02-04T08:24:59","slug":"racna","status":"publish","type":"product","link":"https:\/\/shop.heliocos.de\/cs\/produkt\/nastroje\/racna\/","title":{"rendered":"Momentov\u00e1 r\u00e1\u010dna \/ r\u00e1\u010dna"},"content":{"rendered":"<p>Zubn\u00ed r\u00e1\u010dna s funkc\u00ed to\u010div\u00e9ho momentu i bez n\u011bj. Momentovou r\u00e1\u010dnu lze nastavit v rozsahu 15 &#8211; 60 Ncm. Po dosa\u017een\u00ed to\u010div\u00e9ho momentu se r\u00e1\u010dna zalom\u00ed.<\/p>\n<p>Univerz\u00e1ln\u00ed r\u00e1\u010dna nem\u00e1 \u017e\u00e1dnou funkci to\u010div\u00e9ho momentu. S d\u00e9lkou pouh\u00fdch 5,5 cm je ide\u00e1ln\u00ed pro omezen\u00fd prostor.<\/p>\n<p>Momentov\u00e1 r\u00e1\u010dna i univerz\u00e1ln\u00ed r\u00e1\u010dna maj\u00ed \u0161estihrann\u00fd n\u00e1str\u010dn\u00fd kl\u00ed\u010d s velikost\u00ed kl\u00ed\u010de 6,4 mm.<\/p>\n<p>N\u00e1stroje m\u016f\u017eete p\u0159epracovat, viz pokyny pro p\u0159epracov\u00e1n\u00ed Heliocos v n\u00e1vodu k pou\u017eit\u00ed (Heliocos ke sta\u017een\u00ed).<\/p>\n","protected":false},"excerpt":{"rendered":"<p>Zubn\u00ed r\u00e1\u010dna s funkc\u00ed to\u010div\u00e9ho momentu i bez n\u011bj. Momentovou r\u00e1\u010dnu lze nastavit v rozsahu 15 &#8211; 60 Ncm. Po dosa\u017een\u00ed to\u010div\u00e9ho momentu se r\u00e1\u010dna zalom\u00ed. Univerz\u00e1ln\u00ed r\u00e1\u010dna nem\u00e1 \u017e\u00e1dnou funkci to\u010div\u00e9ho momentu. S d\u00e9lkou pouh\u00fdch 5,5 cm je ide\u00e1ln\u00ed pro omezen\u00fd prostor. Momentov\u00e1 r\u00e1\u010dna i univerz\u00e1ln\u00ed r\u00e1\u010dna maj\u00ed \u0161estihrann\u00fd n\u00e1str\u010dn\u00fd kl\u00ed\u010d s velikost\u00ed kl\u00ed\u010de [&hellip;]<\/p>\n","protected":false},"featured_media":25122,"template":"","meta":[],"product_brand":[],"product_cat":[404],"product_tag":[389],"class_list":{"0":"post-25118","1":"product","2":"type-product","3":"status-publish","4":"has-post-thumbnail","6":"product_cat-nastroje","7":"product_tag-racna","9":"first","10":"instock","11":"taxable","12":"shipping-taxable","13":"purchasable","14":"product-type-variable","15":"rtwpvg-product"},"_links":{"self":[{"href":"https:\/\/shop.heliocos.de\/cs\/wp-json\/wp\/v2\/product\/25118","targetHints":{"allow":["GET"]}}],"collection":[{"href":"https:\/\/shop.heliocos.de\/cs\/wp-json\/wp\/v2\/product"}],"about":[{"href":"https:\/\/shop.heliocos.de\/cs\/wp-json\/wp\/v2\/types\/product"}],"wp:featuredmedia":[{"embeddable":true,"href":"https:\/\/shop.heliocos.de\/cs\/wp-json\/wp\/v2\/media\/25122"}],"wp:attachment":[{"href":"https:\/\/shop.heliocos.de\/cs\/wp-json\/wp\/v2\/media?parent=25118"}],"wp:term":[{"taxonomy":"product_brand","embeddable":true,"href":"https:\/\/shop.heliocos.de\/cs\/wp-json\/wp\/v2\/product_brand?post=25118"},{"taxonomy":"product_cat","embeddable":true,"href":"https:\/\/shop.heliocos.de\/cs\/wp-json\/wp\/v2\/product_cat?post=25118"},{"taxonomy":"product_tag","embeddable":true,"href":"https:\/\/shop.heliocos.de\/cs\/wp-json\/wp\/v2\/product_tag?post=25118"}],"curies":[{"name":"wp","href":"https:\/\/api.w.org\/{rel}","templated":true}]}}