{"id":25023,"date":"2020-08-14T08:58:31","date_gmt":"2020-10-13T08:08:01","guid":{"rendered":"http:\/\/shop.heliocos.de\/?post_type=product&#038;p=25023"},"modified":"2022-10-25T14:13:47","modified_gmt":"2022-10-25T12:13:47","slug":"lecive-opery-multi-unit","status":"publish","type":"product","link":"https:\/\/shop.heliocos.de\/cs\/produkt\/multi-unit-cs\/lecive-opery-multi-unit\/","title":{"rendered":"L\u00e9\u010div\u00e9 op\u011bry Multi-Unit"},"content":{"rendered":"<p>L\u00e9\u010div\u00e9 krytky pro v\u00edcejednotkov\u00e9 pil\u00ed\u0159e. L\u00e9\u010div\u00e9 \u010depice maj\u00ed v\u00e1lcovit\u00fd tvar. L\u00e9\u010div\u00e9 \u010depice jsou k dispozici s r\u016fzn\u00fdmi p\u0159ipojen\u00edmi n\u00e1stroj\u016f<\/p>\n<p>Hex 1,01 = Ankylos\u00ae<\/p>\n<p>Hex 1,22 = Xive\u00ae S<\/p>\n<p>Hex 1,26 = Zimmer\u00ae, Camlog\u00ae, Astra Tech\u00ae<\/p>\n<p>Torx\u00ae T6 = Straumann\u00ae<\/p>\n<p>Unigrip = Nobel Biocare\u00ae.<\/p>\n<p>L\u00e9\u010div\u00e9 \u010depice jsou vyrobeny ze slitiny titanu. To jim d\u00e1v\u00e1 vynikaj\u00edc\u00ed biokompatibilitu.<\/p>\n<p>D\u00edly utahujte pouze rukou. Pokud st\u00e1le chcete pou\u017e\u00edt n\u00e1stroj, m\u016f\u017eete pou\u017e\u00edt p\u016fvodn\u00ed n\u00e1stroje. Jinak jednodu\u0161e pou\u017eijte n\u00e1stroje Heliocos (\u0161roubovac\u00ed n\u00e1stroj).<\/p>\n<p>L\u00e9\u010div\u00e9 \u010depi\u010dky jsou dod\u00e1v\u00e1ny nesteriln\u00ed. P\u0159e\u010dt\u011bte si pros\u00edm pokyny Heliocos v n\u00e1vodu k pou\u017eit\u00ed (Heliocos Downloads).<\/p>\n","protected":false},"excerpt":{"rendered":"<p>L\u00e9\u010div\u00e9 krytky pro v\u00edcejednotkov\u00e9 pil\u00ed\u0159e. L\u00e9\u010div\u00e9 \u010depice maj\u00ed v\u00e1lcovit\u00fd tvar. L\u00e9\u010div\u00e9 \u010depice jsou k dispozici s r\u016fzn\u00fdmi p\u0159ipojen\u00edmi n\u00e1stroj\u016f Hex 1,01 = Ankylos\u00ae Hex 1,22 = Xive\u00ae S Hex 1,26 = Zimmer\u00ae, Camlog\u00ae, Astra Tech\u00ae Torx\u00ae T6 = Straumann\u00ae Unigrip = Nobel Biocare\u00ae. L\u00e9\u010div\u00e9 \u010depice jsou vyrobeny ze slitiny titanu. To jim d\u00e1v\u00e1 vynikaj\u00edc\u00ed biokompatibilitu. [&hellip;]<\/p>\n","protected":false},"featured_media":24930,"template":"","meta":[],"product_brand":[],"product_cat":[430],"product_tag":[562],"class_list":{"0":"post-25023","1":"product","2":"type-product","3":"status-publish","4":"has-post-thumbnail","6":"product_cat-multi-unit-cs","7":"product_tag-multi-unit-cs-2","9":"first","10":"instock","11":"taxable","12":"shipping-taxable","13":"purchasable","14":"product-type-variable","15":"rtwpvg-product"},"_links":{"self":[{"href":"https:\/\/shop.heliocos.de\/cs\/wp-json\/wp\/v2\/product\/25023","targetHints":{"allow":["GET"]}}],"collection":[{"href":"https:\/\/shop.heliocos.de\/cs\/wp-json\/wp\/v2\/product"}],"about":[{"href":"https:\/\/shop.heliocos.de\/cs\/wp-json\/wp\/v2\/types\/product"}],"wp:featuredmedia":[{"embeddable":true,"href":"https:\/\/shop.heliocos.de\/cs\/wp-json\/wp\/v2\/media\/24930"}],"wp:attachment":[{"href":"https:\/\/shop.heliocos.de\/cs\/wp-json\/wp\/v2\/media?parent=25023"}],"wp:term":[{"taxonomy":"product_brand","embeddable":true,"href":"https:\/\/shop.heliocos.de\/cs\/wp-json\/wp\/v2\/product_brand?post=25023"},{"taxonomy":"product_cat","embeddable":true,"href":"https:\/\/shop.heliocos.de\/cs\/wp-json\/wp\/v2\/product_cat?post=25023"},{"taxonomy":"product_tag","embeddable":true,"href":"https:\/\/shop.heliocos.de\/cs\/wp-json\/wp\/v2\/product_tag?post=25023"}],"curies":[{"name":"wp","href":"https:\/\/api.w.org\/{rel}","templated":true}]}}