{"id":24994,"date":"2020-08-13T15:15:57","date_gmt":"2020-08-13T13:19:43","guid":{"rendered":"http:\/\/shop.heliocos.de\/?post_type=product&#038;p=24994"},"modified":"2021-04-20T08:50:31","modified_gmt":"2021-04-20T06:50:31","slug":"titanova-baze-tibase-13","status":"publish","type":"product","link":"https:\/\/shop.heliocos.de\/cs\/produkt\/multi-unit-cs\/titanova-baze-tibase-13\/","title":{"rendered":"Titanov\u00e1 b\u00e1ze (TiBase)  Multi-Unit"},"content":{"rendered":"<p>V\u00edced\u00edln\u00e1 titanov\u00e1 z\u00e1kladna v\u010detn\u011b \u0161roubu pro v\u00edcejednotkov\u00e9 pil\u00ed\u0159e. \u0160rouby s v\u00edce jednotkami jsou k dispozici s r\u016fzn\u00fdmi p\u0159ipojen\u00edmi n\u00e1stroj\u016f:<\/p>\n<p>Hex 1,01 = Ankylos\u00ae<\/p>\n<p>Hex 1,22 = Xive\u00ae S<\/p>\n<p>Hex 1,26 = Zimmer\u00ae, Camlog\u00ae, Astra Tech\u00ae<\/p>\n<p>Torx\u00ae T6 = Straumann\u00ae<\/p>\n<p>Unigrip = Nobel Biocare\u00ae.<\/p>\n<p>V\u00edcejednotkov\u00e1 titanov\u00e1 z\u00e1kladna je vhodn\u00e1 pro v\u0161echny v\u00edcejednotkov\u00e9 pil\u00ed\u0159e Heliocos, a proto ji mohou pou\u017e\u00edvat v\u0161ichni v\u00fdrobci implant\u00e1t\u016f. Titanov\u00e1 z\u00e1kladna je vyrobena ze slitiny titanu. V\u00fdsledkem je vynikaj\u00edc\u00ed biokompatibilita. Produkt je obsa\u017een v knihovn\u011b s v\u00edce jednotkami. K tomu pou\u017eijte <a href=\"http:\/\/shop.heliocos.de\/de\/produkt\/multi-unit\/scanbody-multi-unit\/\">multi-jednotku Scanbody.<\/a><\/p>\n<p>M\u016f\u017eete i nad\u00e1le pou\u017e\u00edvat sv\u00e9 p\u016fvodn\u00ed n\u00e1stroje nebo n\u00e1stroje od Heliocos (\u0161roubov\u00e1k UniGrip). Titanov\u00e1 z\u00e1kladna a op\u011brn\u00fd \u0161roub jsou dod\u00e1v\u00e1ny jako sada. P\u0159ed pou\u017eit\u00edm si d\u00edly p\u0159ipravte. P\u0159e\u010dt\u011bte si pros\u00edm pokyny Heliocos v n\u00e1vodu k pou\u017eit\u00ed (Heliocos Downloads).<\/p>\n","protected":false},"excerpt":{"rendered":"<p>V\u00edced\u00edln\u00e1 titanov\u00e1 z\u00e1kladna v\u010detn\u011b \u0161roubu pro v\u00edcejednotkov\u00e9 pil\u00ed\u0159e. \u0160rouby s v\u00edce jednotkami jsou k dispozici s r\u016fzn\u00fdmi p\u0159ipojen\u00edmi n\u00e1stroj\u016f: Hex 1,01 = Ankylos\u00ae Hex 1,22 = Xive\u00ae S Hex 1,26 = Zimmer\u00ae, Camlog\u00ae, Astra Tech\u00ae Torx\u00ae T6 = Straumann\u00ae Unigrip = Nobel Biocare\u00ae. V\u00edcejednotkov\u00e1 titanov\u00e1 z\u00e1kladna je vhodn\u00e1 pro v\u0161echny v\u00edcejednotkov\u00e9 pil\u00ed\u0159e Heliocos, a proto [&hellip;]<\/p>\n","protected":false},"featured_media":24902,"template":"","meta":[],"product_brand":[],"product_cat":[430],"product_tag":[562,391],"class_list":{"0":"post-24994","1":"product","2":"type-product","3":"status-publish","4":"has-post-thumbnail","6":"product_cat-multi-unit-cs","7":"product_tag-multi-unit-cs-2","8":"product_tag-titanova-baze-tibase","10":"first","11":"instock","12":"taxable","13":"shipping-taxable","14":"purchasable","15":"product-type-variable","16":"rtwpvg-product"},"_links":{"self":[{"href":"https:\/\/shop.heliocos.de\/cs\/wp-json\/wp\/v2\/product\/24994","targetHints":{"allow":["GET"]}}],"collection":[{"href":"https:\/\/shop.heliocos.de\/cs\/wp-json\/wp\/v2\/product"}],"about":[{"href":"https:\/\/shop.heliocos.de\/cs\/wp-json\/wp\/v2\/types\/product"}],"wp:featuredmedia":[{"embeddable":true,"href":"https:\/\/shop.heliocos.de\/cs\/wp-json\/wp\/v2\/media\/24902"}],"wp:attachment":[{"href":"https:\/\/shop.heliocos.de\/cs\/wp-json\/wp\/v2\/media?parent=24994"}],"wp:term":[{"taxonomy":"product_brand","embeddable":true,"href":"https:\/\/shop.heliocos.de\/cs\/wp-json\/wp\/v2\/product_brand?post=24994"},{"taxonomy":"product_cat","embeddable":true,"href":"https:\/\/shop.heliocos.de\/cs\/wp-json\/wp\/v2\/product_cat?post=24994"},{"taxonomy":"product_tag","embeddable":true,"href":"https:\/\/shop.heliocos.de\/cs\/wp-json\/wp\/v2\/product_tag?post=24994"}],"curies":[{"name":"wp","href":"https:\/\/api.w.org\/{rel}","templated":true}]}}