{"id":24818,"date":"2020-08-11T14:45:17","date_gmt":"2020-08-14T07:02:57","guid":{"rendered":"http:\/\/shop.heliocos.de\/?post_type=product&#038;p=24818"},"modified":"2020-11-12T17:18:04","modified_gmt":"2020-11-12T16:18:04","slug":"lecive-opery-7","status":"publish","type":"product","link":"https:\/\/shop.heliocos.de\/cs\/produkt\/dentsply-cs\/ankylos-cs\/lecive-opery-7\/","title":{"rendered":"L\u00e9\u010div\u00e9 op\u011bry pro Ankylos\u00ae"},"content":{"rendered":"<p>Tvarova\u010d d\u00e1sn\u00ed vhodn\u00fd pro implant\u00e1ty Dentsply\u00ae &#8211; Ankylos\u00ae. L\u00e9\u010div\u00e9 \u010depice maj\u00ed ku\u017eelovit\u00fd tvar. Aby bylo mo\u017en\u00e9 produkty snadno rozli\u0161it, jsou v horn\u00ed \u010d\u00e1sti ozna\u010deny laserem. Laserov\u00e9 zna\u010den\u00ed v\u00e1m poskytne informace o syst\u00e9mu implant\u00e1tu, platform\u011b a v\u00fd\u0161ce d\u00e1sn\u00ed. Podle situace pacienta si m\u016f\u017eete vybrat z r\u016fzn\u00fdch v\u00fd\u0161ek d\u00e1sn\u00ed.<\/p>\n<p>L\u00e9\u010div\u00e9 \u010depice jsou vyrobeny ze slitiny titanu. Proto maj\u00ed vynikaj\u00edc\u00ed biokompatibilitu.<\/p>\n<p>D\u00edly utahujte pouze rukou. Pokud p\u0159esto chcete pou\u017e\u00edt n\u00e1stroj, m\u016f\u017eete pou\u017e\u00edt p\u016fvodn\u00ed n\u00e1stroje. V opa\u010dn\u00e9m p\u0159\u00edpad\u011b sta\u010d\u00ed pou\u017e\u00edt \u0161roubov\u00e1k Heliocos Hex.<\/p>\n<p>L\u00e9\u010div\u00e9 \u010depi\u010dky jsou dod\u00e1v\u00e1ny nesteriln\u00ed, tak\u017ee je t\u0159eba je znovu zpracovat. P\u0159e\u010dt\u011bte si pros\u00edm pokyny Heliocos v n\u00e1vodu k pou\u017eit\u00ed (Heliocos Downloads).<\/p>\n","protected":false},"excerpt":{"rendered":"<p>Tvarova\u010d d\u00e1sn\u00ed vhodn\u00fd pro implant\u00e1ty Dentsply\u00ae &#8211; Ankylos\u00ae. L\u00e9\u010div\u00e9 \u010depice maj\u00ed ku\u017eelovit\u00fd tvar. Aby bylo mo\u017en\u00e9 produkty snadno rozli\u0161it, jsou v horn\u00ed \u010d\u00e1sti ozna\u010deny laserem. Laserov\u00e9 zna\u010den\u00ed v\u00e1m poskytne informace o syst\u00e9mu implant\u00e1tu, platform\u011b a v\u00fd\u0161ce d\u00e1sn\u00ed. Podle situace pacienta si m\u016f\u017eete vybrat z r\u016fzn\u00fdch v\u00fd\u0161ek d\u00e1sn\u00ed. L\u00e9\u010div\u00e9 \u010depice jsou vyrobeny ze slitiny titanu. Proto [&hellip;]<\/p>\n","protected":false},"featured_media":24812,"template":"","meta":[],"product_brand":[],"product_cat":[400],"product_tag":[381],"class_list":{"0":"post-24818","1":"product","2":"type-product","3":"status-publish","4":"has-post-thumbnail","6":"product_cat-ankylos-cs","7":"product_tag-lecive-opery","9":"first","10":"instock","11":"taxable","12":"shipping-taxable","13":"purchasable","14":"product-type-variable","15":"rtwpvg-product"},"_links":{"self":[{"href":"https:\/\/shop.heliocos.de\/cs\/wp-json\/wp\/v2\/product\/24818","targetHints":{"allow":["GET"]}}],"collection":[{"href":"https:\/\/shop.heliocos.de\/cs\/wp-json\/wp\/v2\/product"}],"about":[{"href":"https:\/\/shop.heliocos.de\/cs\/wp-json\/wp\/v2\/types\/product"}],"wp:featuredmedia":[{"embeddable":true,"href":"https:\/\/shop.heliocos.de\/cs\/wp-json\/wp\/v2\/media\/24812"}],"wp:attachment":[{"href":"https:\/\/shop.heliocos.de\/cs\/wp-json\/wp\/v2\/media?parent=24818"}],"wp:term":[{"taxonomy":"product_brand","embeddable":true,"href":"https:\/\/shop.heliocos.de\/cs\/wp-json\/wp\/v2\/product_brand?post=24818"},{"taxonomy":"product_cat","embeddable":true,"href":"https:\/\/shop.heliocos.de\/cs\/wp-json\/wp\/v2\/product_cat?post=24818"},{"taxonomy":"product_tag","embeddable":true,"href":"https:\/\/shop.heliocos.de\/cs\/wp-json\/wp\/v2\/product_tag?post=24818"}],"curies":[{"name":"wp","href":"https:\/\/api.w.org\/{rel}","templated":true}]}}