{"id":24697,"date":"2020-07-08T10:38:36","date_gmt":"2020-07-08T08:38:36","guid":{"rendered":"http:\/\/shop.heliocos.de\/produkt\/nezarazene\/lecive-opery-4\/"},"modified":"2020-11-10T16:49:43","modified_gmt":"2020-11-10T15:49:43","slug":"lecive-opery-4","status":"publish","type":"product","link":"https:\/\/shop.heliocos.de\/cs\/produkt\/straumann-cs\/bone-level-cs\/lecive-opery-4\/","title":{"rendered":"L\u00e9\u010div\u00e9 op\u011bry pro Straumann\u00ae \u2013 Bone Level"},"content":{"rendered":"<p>Tvarova\u010d d\u00e1sn\u00ed vhodn\u00fd pro Straumann\u00ae &#8211; implant\u00e1ty na \u00farovni kost\u00ed. L\u00e9\u010div\u00e9 \u010depice maj\u00ed ku\u017eelovit\u00fd tvar, kter\u00fd pak p\u0159ech\u00e1z\u00ed do v\u00e1lcov\u00e9ho tvaru. Aby bylo mo\u017en\u00e9 produkty snadno rozli\u0161it, jsou ozna\u010deny laserem. Laserov\u00e9 zna\u010den\u00ed v\u00e1m poskytne informace o syst\u00e9mu implant\u00e1tu, platform\u011b a v\u00fd\u0161ce d\u00e1sn\u00ed. Podle situace pacienta si m\u016f\u017eete vybrat z r\u016fzn\u00fdch v\u00fd\u0161ek d\u00e1sn\u00ed.<\/p>\n<p>L\u00e9\u010div\u00e9 \u010depice jsou vyrobeny ze slitiny titanu. To jim d\u00e1v\u00e1 vynikaj\u00edc\u00ed biokompatibilitu.<\/p>\n<p>D\u00edly utahujte pouze rukou. Pokud st\u00e1le chcete pou\u017e\u00edt n\u00e1stroj, m\u016f\u017eete pou\u017e\u00edt p\u016fvodn\u00ed n\u00e1stroje. Jinak jednodu\u0161e pou\u017eijte n\u00e1stroje Heliocos (ovlada\u010d Torx\u00ae).<\/p>\n<p>L\u00e9\u010div\u00e9 \u010depi\u010dky jsou dod\u00e1v\u00e1ny nesteriln\u00ed. P\u0159e\u010dt\u011bte si pros\u00edm pokyny Heliocos v n\u00e1vodu k pou\u017eit\u00ed (Heliocos Downloads).<\/p>\n","protected":false},"excerpt":{"rendered":"<p>Tvarova\u010d d\u00e1sn\u00ed vhodn\u00fd pro Straumann\u00ae &#8211; implant\u00e1ty na \u00farovni kost\u00ed. L\u00e9\u010div\u00e9 \u010depice maj\u00ed ku\u017eelovit\u00fd tvar, kter\u00fd pak p\u0159ech\u00e1z\u00ed do v\u00e1lcov\u00e9ho tvaru. Aby bylo mo\u017en\u00e9 produkty snadno rozli\u0161it, jsou ozna\u010deny laserem. Laserov\u00e9 zna\u010den\u00ed v\u00e1m poskytne informace o syst\u00e9mu implant\u00e1tu, platform\u011b a v\u00fd\u0161ce d\u00e1sn\u00ed. Podle situace pacienta si m\u016f\u017eete vybrat z r\u016fzn\u00fdch v\u00fd\u0161ek d\u00e1sn\u00ed. L\u00e9\u010div\u00e9 \u010depice jsou [&hellip;]<\/p>\n","protected":false},"featured_media":24702,"template":"","meta":[],"product_brand":[],"product_cat":[421],"product_tag":[381],"class_list":{"0":"post-24697","1":"product","2":"type-product","3":"status-publish","4":"has-post-thumbnail","6":"product_cat-bone-level-cs","7":"product_tag-lecive-opery","9":"first","10":"instock","11":"taxable","12":"shipping-taxable","13":"purchasable","14":"product-type-variable","15":"rtwpvg-product"},"_links":{"self":[{"href":"https:\/\/shop.heliocos.de\/cs\/wp-json\/wp\/v2\/product\/24697","targetHints":{"allow":["GET"]}}],"collection":[{"href":"https:\/\/shop.heliocos.de\/cs\/wp-json\/wp\/v2\/product"}],"about":[{"href":"https:\/\/shop.heliocos.de\/cs\/wp-json\/wp\/v2\/types\/product"}],"wp:featuredmedia":[{"embeddable":true,"href":"https:\/\/shop.heliocos.de\/cs\/wp-json\/wp\/v2\/media\/24702"}],"wp:attachment":[{"href":"https:\/\/shop.heliocos.de\/cs\/wp-json\/wp\/v2\/media?parent=24697"}],"wp:term":[{"taxonomy":"product_brand","embeddable":true,"href":"https:\/\/shop.heliocos.de\/cs\/wp-json\/wp\/v2\/product_brand?post=24697"},{"taxonomy":"product_cat","embeddable":true,"href":"https:\/\/shop.heliocos.de\/cs\/wp-json\/wp\/v2\/product_cat?post=24697"},{"taxonomy":"product_tag","embeddable":true,"href":"https:\/\/shop.heliocos.de\/cs\/wp-json\/wp\/v2\/product_tag?post=24697"}],"curies":[{"name":"wp","href":"https:\/\/api.w.org\/{rel}","templated":true}]}}