{"id":24522,"date":"2020-06-30T22:09:58","date_gmt":"2020-06-30T20:09:58","guid":{"rendered":"http:\/\/shop.heliocos.de\/produkt\/nezarazene\/titanova-baze-tibase-7\/"},"modified":"2020-11-13T14:01:40","modified_gmt":"2020-11-13T13:01:40","slug":"titanova-baze-tibase-7","status":"publish","type":"product","link":"https:\/\/shop.heliocos.de\/cs\/produkt\/dentsply-cs\/astra-tech-osseospeed-tx-cs\/titanova-baze-tibase-7\/","title":{"rendered":"Titanov\u00e1 b\u00e1ze (TiBase) pro Astra Tech\u00ae OsseoSpeed\u00ae TX"},"content":{"rendered":"<p>Titanov\u00e1 z\u00e1kladna pro implant\u00e1ty Dentsply\u00ae &#8211; Astra Tech\u00ae OsseoSpeed\u00ae TX. Titanov\u00fd podstavec pou\u017eijte pro okluzn\u00ed korunky se \u0161rouby. Podle situace pacienta si m\u016f\u017eete vybrat mezi r\u016fzn\u00fdmi v\u00fd\u0161kami kom\u00ednu. M\u016f\u017eete si tak\u00e9 vybrat, zda si vyberete titanovou z\u00e1kladnu s indexem nebo bez n\u011bj. Titanov\u00e9 z\u00e1kladny bez ochrany proti rotaci jsou ur\u010deny pro ty\u010dov\u00e9 a mostn\u00ed konstrukce.<\/p>\n<p>Titanov\u00e9 z\u00e1kladny jsou vyrobeny ze slitiny titanu, co\u017e zaru\u010duje vynikaj\u00edc\u00ed biokompatibilitu a vysokou pevnost. Titanov\u00e9 b\u00e1ze Heliocos maj\u00ed vynikaj\u00edc\u00ed \u00fanavovou pevnost, co\u017e znamen\u00e1, \u017ee je dosa\u017eeno dlouhodob\u00e9 obnovy. Proto poskytujeme 30letou z\u00e1ruku v\u00fdrobce na titanov\u00e9 b\u00e1ze Heliocos.<\/p>\n<p>Vyu\u017eijte Scanbody pro Astra Tech\u00ae OsseoSpeed\u00ae TX od Heliocos, abyste pln\u011b vyu\u017eili procesn\u00edho \u0159et\u011bzce CAD \/ CAM.<\/p>\n<p>Titanov\u00e9 z\u00e1kladny obdr\u017e\u00edte s definitivn\u00edm op\u011brn\u00fdm \u0161roubem. Op\u011brn\u00fd \u0161roub je tak\u00e9 vyroben ze slitiny titanu. M\u016f\u017eete i nad\u00e1le pou\u017e\u00edvat sv\u00e9 p\u016fvodn\u00ed n\u00e1stroje nebo n\u00e1stroje od spole\u010dnosti Heliocos (\u0161estihrann\u00fd \u0161roubov\u00e1k). Titanov\u00e1 z\u00e1kladna a op\u011brn\u00fd \u0161roub jsou dod\u00e1v\u00e1ny jako sada. P\u0159ed pou\u017eit\u00edm si d\u00edly p\u0159ipravte. P\u0159e\u010dt\u011bte si pros\u00edm pokyny Heliocos v n\u00e1vodu k pou\u017eit\u00ed (Heliocos Downloads).<\/p>\n","protected":false},"excerpt":{"rendered":"<p>Titanov\u00e1 z\u00e1kladna pro implant\u00e1ty Dentsply\u00ae &#8211; Astra Tech\u00ae OsseoSpeed\u00ae TX. Titanov\u00fd podstavec pou\u017eijte pro okluzn\u00ed korunky se \u0161rouby. Podle situace pacienta si m\u016f\u017eete vybrat mezi r\u016fzn\u00fdmi v\u00fd\u0161kami kom\u00ednu. M\u016f\u017eete si tak\u00e9 vybrat, zda si vyberete titanovou z\u00e1kladnu s indexem nebo bez n\u011bj. Titanov\u00e9 z\u00e1kladny bez ochrany proti rotaci jsou ur\u010deny pro ty\u010dov\u00e9 a mostn\u00ed konstrukce. [&hellip;]<\/p>\n","protected":false},"featured_media":24523,"template":"","meta":[],"product_brand":[],"product_cat":[402],"product_tag":[391],"class_list":{"0":"post-24522","1":"product","2":"type-product","3":"status-publish","4":"has-post-thumbnail","6":"product_cat-astra-tech-osseospeed-tx-cs","7":"product_tag-titanova-baze-tibase","9":"first","10":"instock","11":"taxable","12":"shipping-taxable","13":"purchasable","14":"product-type-variable","15":"rtwpvg-product"},"_links":{"self":[{"href":"https:\/\/shop.heliocos.de\/cs\/wp-json\/wp\/v2\/product\/24522","targetHints":{"allow":["GET"]}}],"collection":[{"href":"https:\/\/shop.heliocos.de\/cs\/wp-json\/wp\/v2\/product"}],"about":[{"href":"https:\/\/shop.heliocos.de\/cs\/wp-json\/wp\/v2\/types\/product"}],"wp:featuredmedia":[{"embeddable":true,"href":"https:\/\/shop.heliocos.de\/cs\/wp-json\/wp\/v2\/media\/24523"}],"wp:attachment":[{"href":"https:\/\/shop.heliocos.de\/cs\/wp-json\/wp\/v2\/media?parent=24522"}],"wp:term":[{"taxonomy":"product_brand","embeddable":true,"href":"https:\/\/shop.heliocos.de\/cs\/wp-json\/wp\/v2\/product_brand?post=24522"},{"taxonomy":"product_cat","embeddable":true,"href":"https:\/\/shop.heliocos.de\/cs\/wp-json\/wp\/v2\/product_cat?post=24522"},{"taxonomy":"product_tag","embeddable":true,"href":"https:\/\/shop.heliocos.de\/cs\/wp-json\/wp\/v2\/product_tag?post=24522"}],"curies":[{"name":"wp","href":"https:\/\/api.w.org\/{rel}","templated":true}]}}