{"id":24314,"date":"2020-07-06T11:44:09","date_gmt":"2020-07-06T09:44:09","guid":{"rendered":"http:\/\/shop.heliocos.de\/produkt\/nezarazene\/uhlova-opera\/"},"modified":"2021-09-13T09:37:23","modified_gmt":"2021-09-13T07:37:23","slug":"uhlova-opera","status":"publish","type":"product","link":"https:\/\/shop.heliocos.de\/cs\/produkt\/biohorizons-cs\/internal-hex-cs\/uhlova-opera\/","title":{"rendered":"\u00dahlov\u00e1 op\u011bra pro Biohorizons\u00ae"},"content":{"rendered":"<p>\u00dahlov\u00e1 podp\u011bra odpov\u00edd\u00e1 Biohorizons\u00ae. \u00dahlov\u00e1 op\u011bra je vyrobena ze slitiny titanu. To zaji\u0161\u0165uje vynikaj\u00edc\u00ed biokompatibilitu a vysokou pevnost. \u00dahlov\u00e9 podp\u011bry jsou ur\u010deny pro cementovanou n\u00e1hradu, a jsou proto zaji\u0161t\u011bny proti rotaci. M\u016f\u017eete si vybrat z r\u016fzn\u00fdch v\u00fd\u0161ek d\u00e1sn\u00ed (1 mm a 2,5 mm) a \u00fahl\u016f (16 \u00b0 a 25 \u00b0). \u00dahlov\u00e1 op\u011bra se vyzna\u010duje vysoce p\u0159esn\u00fdm spojen\u00edm. Proto poskytujeme 30letou z\u00e1ruku na \u0161ikm\u00e9 podp\u011bry.<\/p>\n<p>\u00dahlov\u00e9 op\u011bry jsou dod\u00e1v\u00e1ny s definitivn\u00edm \u0161roubem. Op\u011brn\u00fd \u0161roub je tak\u00e9 vyroben ze slitiny titanu. M\u016f\u017eete i nad\u00e1le pou\u017e\u00edvat sv\u00e9 p\u016fvodn\u00ed n\u00e1stroje nebo n\u00e1stroje od spole\u010dnosti Heliocos. \u0160ikm\u00fd doraz a dorazov\u00fd \u0161roub jsou dod\u00e1v\u00e1ny jako sada. D\u00edly jsou nesteriln\u00ed a p\u0159ed pou\u017eit\u00edm mus\u00edte produkty znovu zpracovat. P\u0159e\u010dt\u011bte si pros\u00edm pokyny Heliocos v n\u00e1vodu k pou\u017eit\u00ed (Heliocos Downloads).<\/p>\n<p>M\u016f\u017eete si tak\u00e9 objednat vhodn\u00e9 n\u00e1stroje pro \u00fahlov\u00e9 op\u011bry, kter\u00e9 odpov\u00eddaj\u00ed Zimmer Dental\u00ae (\u0161estihrann\u00fd ovlada\u010d).<\/p>\n","protected":false},"excerpt":{"rendered":"<p>\u00dahlov\u00e1 podp\u011bra odpov\u00edd\u00e1 Biohorizons\u00ae. \u00dahlov\u00e1 op\u011bra je vyrobena ze slitiny titanu. To zaji\u0161\u0165uje vynikaj\u00edc\u00ed biokompatibilitu a vysokou pevnost. \u00dahlov\u00e9 podp\u011bry jsou ur\u010deny pro cementovanou n\u00e1hradu, a jsou proto zaji\u0161t\u011bny proti rotaci. M\u016f\u017eete si vybrat z r\u016fzn\u00fdch v\u00fd\u0161ek d\u00e1sn\u00ed (1 mm a 2,5 mm) a \u00fahl\u016f (16 \u00b0 a 25 \u00b0). \u00dahlov\u00e1 op\u011bra se vyzna\u010duje vysoce [&hellip;]<\/p>\n","protected":false},"featured_media":24315,"template":"","meta":[],"product_brand":[],"product_cat":[395],"product_tag":[380],"class_list":{"0":"post-24314","1":"product","2":"type-product","3":"status-publish","4":"has-post-thumbnail","6":"product_cat-internal-hex-cs","7":"product_tag-uhlova-opera","9":"first","10":"instock","11":"taxable","12":"shipping-taxable","13":"purchasable","14":"product-type-variable","15":"rtwpvg-product"},"_links":{"self":[{"href":"https:\/\/shop.heliocos.de\/cs\/wp-json\/wp\/v2\/product\/24314","targetHints":{"allow":["GET"]}}],"collection":[{"href":"https:\/\/shop.heliocos.de\/cs\/wp-json\/wp\/v2\/product"}],"about":[{"href":"https:\/\/shop.heliocos.de\/cs\/wp-json\/wp\/v2\/types\/product"}],"wp:featuredmedia":[{"embeddable":true,"href":"https:\/\/shop.heliocos.de\/cs\/wp-json\/wp\/v2\/media\/24315"}],"wp:attachment":[{"href":"https:\/\/shop.heliocos.de\/cs\/wp-json\/wp\/v2\/media?parent=24314"}],"wp:term":[{"taxonomy":"product_brand","embeddable":true,"href":"https:\/\/shop.heliocos.de\/cs\/wp-json\/wp\/v2\/product_brand?post=24314"},{"taxonomy":"product_cat","embeddable":true,"href":"https:\/\/shop.heliocos.de\/cs\/wp-json\/wp\/v2\/product_cat?post=24314"},{"taxonomy":"product_tag","embeddable":true,"href":"https:\/\/shop.heliocos.de\/cs\/wp-json\/wp\/v2\/product_tag?post=24314"}],"curies":[{"name":"wp","href":"https:\/\/api.w.org\/{rel}","templated":true}]}}