{"id":24308,"date":"2020-06-30T22:09:56","date_gmt":"2020-06-30T20:09:56","guid":{"rendered":"http:\/\/shop.heliocos.de\/produkt\/nezarazene\/zobrazovaci-prispevek-12\/"},"modified":"2021-10-12T08:49:46","modified_gmt":"2021-10-12T06:49:46","slug":"zobrazovaci-prispevek-12","status":"publish","type":"product","link":"https:\/\/shop.heliocos.de\/cs\/produkt\/dentsply-cs\/ankylos-cs\/zobrazovaci-prispevek-12\/","title":{"rendered":"Zobrazovac\u00ed p\u0159\u00edsp\u011bvek Ankylos\u00ae"},"content":{"rendered":"<p>Impresn\u00ed sloupky pro Dentsply\u00ae &#8211; implant\u00e1ty Ankylos\u00ae.<\/p>\n<p>Otiskovac\u00ed sloupky jsou vyrobeny ze slitiny titanu a jsou ozna\u010deny laserem, co\u017e usnad\u0148uje jejich p\u0159i\u0159azen\u00ed.<\/p>\n<p>P\u0159\u00edsp\u011bvky na otisky obdr\u017e\u00edte jako sadu se \u0161roubem, kter\u00fd jsme pro v\u00e1s ji\u017e p\u0159edem sestavili. V p\u0159\u00edpad\u011b pot\u0159eby m\u016f\u017eete p\u0159\u00edsp\u011bvek znovu zpracovat, jak \u010dasto chcete. Otisk obdr\u017e\u00edte nesteriln\u00ed, proto byste m\u011bli postupovat podle pokyn\u016f k p\u0159epracov\u00e1n\u00ed Heliocos v pokynech k pou\u017eit\u00ed (Heliocos ke sta\u017een\u00ed).<\/p>\n<p>Po pou\u017eit\u00ed nen\u00ed povoleno znovu zpracov\u00e1vat reduk\u010dn\u00ed \u010depi\u010dky, tak\u017ee je m\u016f\u017eete znovu objednat.<\/p>\n","protected":false},"excerpt":{"rendered":"<p>Impresn\u00ed sloupky pro Dentsply\u00ae &#8211; implant\u00e1ty Ankylos\u00ae. Otiskovac\u00ed sloupky jsou vyrobeny ze slitiny titanu a jsou ozna\u010deny laserem, co\u017e usnad\u0148uje jejich p\u0159i\u0159azen\u00ed. P\u0159\u00edsp\u011bvky na otisky obdr\u017e\u00edte jako sadu se \u0161roubem, kter\u00fd jsme pro v\u00e1s ji\u017e p\u0159edem sestavili. V p\u0159\u00edpad\u011b pot\u0159eby m\u016f\u017eete p\u0159\u00edsp\u011bvek znovu zpracovat, jak \u010dasto chcete. Otisk obdr\u017e\u00edte nesteriln\u00ed, proto byste m\u011bli postupovat podle [&hellip;]<\/p>\n","protected":false},"featured_media":27511,"template":"","meta":[],"product_brand":[],"product_cat":[400],"product_tag":[373],"class_list":{"0":"post-24308","1":"product","2":"type-product","3":"status-publish","4":"has-post-thumbnail","6":"product_cat-ankylos-cs","7":"product_tag-zobrazovaci-prispevek","9":"first","10":"instock","11":"taxable","12":"shipping-taxable","13":"purchasable","14":"product-type-variable","15":"has-default-attributes","16":"rtwpvg-product"},"_links":{"self":[{"href":"https:\/\/shop.heliocos.de\/cs\/wp-json\/wp\/v2\/product\/24308","targetHints":{"allow":["GET"]}}],"collection":[{"href":"https:\/\/shop.heliocos.de\/cs\/wp-json\/wp\/v2\/product"}],"about":[{"href":"https:\/\/shop.heliocos.de\/cs\/wp-json\/wp\/v2\/types\/product"}],"wp:featuredmedia":[{"embeddable":true,"href":"https:\/\/shop.heliocos.de\/cs\/wp-json\/wp\/v2\/media\/27511"}],"wp:attachment":[{"href":"https:\/\/shop.heliocos.de\/cs\/wp-json\/wp\/v2\/media?parent=24308"}],"wp:term":[{"taxonomy":"product_brand","embeddable":true,"href":"https:\/\/shop.heliocos.de\/cs\/wp-json\/wp\/v2\/product_brand?post=24308"},{"taxonomy":"product_cat","embeddable":true,"href":"https:\/\/shop.heliocos.de\/cs\/wp-json\/wp\/v2\/product_cat?post=24308"},{"taxonomy":"product_tag","embeddable":true,"href":"https:\/\/shop.heliocos.de\/cs\/wp-json\/wp\/v2\/product_tag?post=24308"}],"curies":[{"name":"wp","href":"https:\/\/api.w.org\/{rel}","templated":true}]}}