{"id":24294,"date":"2020-06-30T22:10:02","date_gmt":"2020-06-30T20:10:02","guid":{"rendered":"http:\/\/shop.heliocos.de\/produkt\/nezarazene\/zobrazovaci-prispevek-11\/"},"modified":"2021-10-12T08:50:04","modified_gmt":"2021-10-12T06:50:04","slug":"zobrazovaci-prispevek-11","status":"publish","type":"product","link":"https:\/\/shop.heliocos.de\/cs\/produkt\/dentsply-cs\/astra-tech-osseospeed-tx-cs\/zobrazovaci-prispevek-11\/","title":{"rendered":"Zobrazovac\u00ed p\u0159\u00edsp\u011bvek pro Astra Tech\u00ae OsseoSpeed\u00ae TX"},"content":{"rendered":"<p>Otiskovac\u00ed sloupky pro implant\u00e1ty Dentsply\u00ae &#8211; Astra Tech\u00ae OsseoSpeed\u00ae TX.<\/p>\n<p>Otiskovac\u00ed sloupky jsou vyrobeny ze slitiny titanu a barevn\u011b odli\u0161eny, tak\u017ee je m\u016f\u017eete snadno p\u0159i\u0159adit.<\/p>\n<p>Otiskovac\u00ed sloupky z\u00edsk\u00e1te jako sada s jedn\u00edm \u0161roubem. V p\u0159\u00edpad\u011b pot\u0159eby m\u016f\u017eete p\u0159\u00edsp\u011bvek znovu zpracovat, jak \u010dasto chcete. Otisk obdr\u017e\u00edte nesteriln\u00ed, proto byste m\u011bli postupovat podle pokyn\u016f k p\u0159epracov\u00e1n\u00ed Heliocos v pokynech k pou\u017eit\u00ed (Heliocos ke sta\u017een\u00ed).<\/p>\n<p>Po pou\u017eit\u00ed nen\u00ed povoleno znovu zpracov\u00e1vat reduk\u010dn\u00ed \u010depi\u010dky, tak\u017ee je m\u016f\u017eete znovu objednat.<\/p>\n","protected":false},"excerpt":{"rendered":"<p>Otiskovac\u00ed sloupky pro implant\u00e1ty Dentsply\u00ae &#8211; Astra Tech\u00ae OsseoSpeed\u00ae TX. Otiskovac\u00ed sloupky jsou vyrobeny ze slitiny titanu a barevn\u011b odli\u0161eny, tak\u017ee je m\u016f\u017eete snadno p\u0159i\u0159adit. Otiskovac\u00ed sloupky z\u00edsk\u00e1te jako sada s jedn\u00edm \u0161roubem. V p\u0159\u00edpad\u011b pot\u0159eby m\u016f\u017eete p\u0159\u00edsp\u011bvek znovu zpracovat, jak \u010dasto chcete. Otisk obdr\u017e\u00edte nesteriln\u00ed, proto byste m\u011bli postupovat podle pokyn\u016f k p\u0159epracov\u00e1n\u00ed Heliocos [&hellip;]<\/p>\n","protected":false},"featured_media":24295,"template":"","meta":[],"product_brand":[],"product_cat":[402],"product_tag":[373],"class_list":{"0":"post-24294","1":"product","2":"type-product","3":"status-publish","4":"has-post-thumbnail","6":"product_cat-astra-tech-osseospeed-tx-cs","7":"product_tag-zobrazovaci-prispevek","9":"first","10":"instock","11":"taxable","12":"shipping-taxable","13":"purchasable","14":"product-type-variable","15":"has-default-attributes","16":"rtwpvg-product"},"_links":{"self":[{"href":"https:\/\/shop.heliocos.de\/cs\/wp-json\/wp\/v2\/product\/24294","targetHints":{"allow":["GET"]}}],"collection":[{"href":"https:\/\/shop.heliocos.de\/cs\/wp-json\/wp\/v2\/product"}],"about":[{"href":"https:\/\/shop.heliocos.de\/cs\/wp-json\/wp\/v2\/types\/product"}],"wp:featuredmedia":[{"embeddable":true,"href":"https:\/\/shop.heliocos.de\/cs\/wp-json\/wp\/v2\/media\/24295"}],"wp:attachment":[{"href":"https:\/\/shop.heliocos.de\/cs\/wp-json\/wp\/v2\/media?parent=24294"}],"wp:term":[{"taxonomy":"product_brand","embeddable":true,"href":"https:\/\/shop.heliocos.de\/cs\/wp-json\/wp\/v2\/product_brand?post=24294"},{"taxonomy":"product_cat","embeddable":true,"href":"https:\/\/shop.heliocos.de\/cs\/wp-json\/wp\/v2\/product_cat?post=24294"},{"taxonomy":"product_tag","embeddable":true,"href":"https:\/\/shop.heliocos.de\/cs\/wp-json\/wp\/v2\/product_tag?post=24294"}],"curies":[{"name":"wp","href":"https:\/\/api.w.org\/{rel}","templated":true}]}}