{"id":24215,"date":"2020-06-30T22:10:49","date_gmt":"2020-06-30T20:10:49","guid":{"rendered":"http:\/\/shop.heliocos.de\/produkt\/nezarazene\/zobrazovaci-prispevek-7\/"},"modified":"2021-10-12T08:51:19","modified_gmt":"2021-10-12T06:51:19","slug":"zobrazovaci-prispevek-7","status":"publish","type":"product","link":"https:\/\/shop.heliocos.de\/cs\/produkt\/zimmer-dental-cs\/tapered-screw-vent-cs\/zobrazovaci-prispevek-7\/","title":{"rendered":"Zobrazovac\u00ed p\u0159\u00edsp\u011bvek pro Zimmer Dental\u00ae"},"content":{"rendered":"<p>Otiskovac\u00ed sloupky pro implant\u00e1ty Zimmer Dental\u00ae.<\/p>\n<p>Otiskovac\u00ed sloupky jsou vyrobeny ze slitiny titanu a jsou zna\u010deny laserem, tak\u017ee je m\u016f\u017eete snadno p\u0159i\u0159adit.<\/p>\n<p>Otiskovac\u00ed sloupky z\u00edsk\u00e1te jako sada s jedn\u00edm \u0161roubem. V p\u0159\u00edpad\u011b pot\u0159eby m\u016f\u017eete p\u0159\u00edsp\u011bvek znovu zpracovat, jak \u010dasto chcete. Otiskovac\u00ed sloupek je dod\u00e1v\u00e1n nesteriln\u00ed, proto byste m\u011bli postupovat podle pokyn\u016f k p\u0159epracov\u00e1n\u00ed Heliocos v n\u00e1vodu k pou\u017eit\u00ed (Heliocos ke sta\u017een\u00ed).<\/p>\n<p>Po pou\u017eit\u00ed nen\u00ed povoleno znovu zpracov\u00e1vat reduk\u010dn\u00ed \u010depi\u010dky, tak\u017ee je m\u016f\u017eete znovu objednat.<\/p>\n","protected":false},"excerpt":{"rendered":"<p>Otiskovac\u00ed sloupky pro implant\u00e1ty Zimmer Dental\u00ae. Otiskovac\u00ed sloupky jsou vyrobeny ze slitiny titanu a jsou zna\u010deny laserem, tak\u017ee je m\u016f\u017eete snadno p\u0159i\u0159adit. Otiskovac\u00ed sloupky z\u00edsk\u00e1te jako sada s jedn\u00edm \u0161roubem. V p\u0159\u00edpad\u011b pot\u0159eby m\u016f\u017eete p\u0159\u00edsp\u011bvek znovu zpracovat, jak \u010dasto chcete. Otiskovac\u00ed sloupek je dod\u00e1v\u00e1n nesteriln\u00ed, proto byste m\u011bli postupovat podle pokyn\u016f k p\u0159epracov\u00e1n\u00ed Heliocos v [&hellip;]<\/p>\n","protected":false},"featured_media":24193,"template":"","meta":[],"product_brand":[],"product_cat":[424],"product_tag":[373],"class_list":{"0":"post-24215","1":"product","2":"type-product","3":"status-publish","4":"has-post-thumbnail","6":"product_cat-tapered-screw-vent-cs","7":"product_tag-zobrazovaci-prispevek","9":"first","10":"instock","11":"taxable","12":"shipping-taxable","13":"purchasable","14":"product-type-variable","15":"has-default-attributes","16":"rtwpvg-product"},"_links":{"self":[{"href":"https:\/\/shop.heliocos.de\/cs\/wp-json\/wp\/v2\/product\/24215","targetHints":{"allow":["GET"]}}],"collection":[{"href":"https:\/\/shop.heliocos.de\/cs\/wp-json\/wp\/v2\/product"}],"about":[{"href":"https:\/\/shop.heliocos.de\/cs\/wp-json\/wp\/v2\/types\/product"}],"wp:featuredmedia":[{"embeddable":true,"href":"https:\/\/shop.heliocos.de\/cs\/wp-json\/wp\/v2\/media\/24193"}],"wp:attachment":[{"href":"https:\/\/shop.heliocos.de\/cs\/wp-json\/wp\/v2\/media?parent=24215"}],"wp:term":[{"taxonomy":"product_brand","embeddable":true,"href":"https:\/\/shop.heliocos.de\/cs\/wp-json\/wp\/v2\/product_brand?post=24215"},{"taxonomy":"product_cat","embeddable":true,"href":"https:\/\/shop.heliocos.de\/cs\/wp-json\/wp\/v2\/product_cat?post=24215"},{"taxonomy":"product_tag","embeddable":true,"href":"https:\/\/shop.heliocos.de\/cs\/wp-json\/wp\/v2\/product_tag?post=24215"}],"curies":[{"name":"wp","href":"https:\/\/api.w.org\/{rel}","templated":true}]}}