{"id":24192,"date":"2020-06-30T22:11:02","date_gmt":"2020-06-30T20:11:02","guid":{"rendered":"http:\/\/shop.heliocos.de\/produkt\/nezarazene\/zobrazovaci-prispevek-5\/"},"modified":"2021-10-12T08:51:48","modified_gmt":"2021-10-12T06:51:48","slug":"zobrazovaci-prispevek-5","status":"publish","type":"product","link":"https:\/\/shop.heliocos.de\/cs\/produkt\/mis-cs\/seven-cs\/zobrazovaci-prispevek-5\/","title":{"rendered":"Zobrazovac\u00ed p\u0159\u00edsp\u011bvek pro MIS\u00ae"},"content":{"rendered":"<p>Otiskovac\u00ed sloupky pro implant\u00e1ty MIS\u00ae.<\/p>\n<p>Otiskovac\u00ed sloupky jsou vyrobeny ze slitiny titanu a jsou zna\u010deny laserem, co\u017e usnad\u0148uje jejich p\u0159i\u0159azen\u00ed.<\/p>\n<p>Otiskovac\u00ed sloupky z\u00edsk\u00e1te jako sada s jedn\u00edm \u0161roubem. V p\u0159\u00edpad\u011b pot\u0159eby m\u016f\u017eete p\u0159\u00edsp\u011bvek znovu zpracovat, jak \u010dasto chcete. Otisk obdr\u017e\u00edte nesteriln\u00ed, proto byste m\u011bli postupovat podle pokyn\u016f k p\u0159epracov\u00e1n\u00ed Heliocos v pokynech k pou\u017eit\u00ed (Heliocos ke sta\u017een\u00ed).<\/p>\n<p>Po pou\u017eit\u00ed nen\u00ed povoleno znovu zpracov\u00e1vat reduk\u010dn\u00ed \u010depi\u010dky, tak\u017ee je m\u016f\u017eete znovu objednat.<\/p>\n","protected":false},"excerpt":{"rendered":"<p>Otiskovac\u00ed sloupky pro implant\u00e1ty MIS\u00ae. Otiskovac\u00ed sloupky jsou vyrobeny ze slitiny titanu a jsou zna\u010deny laserem, co\u017e usnad\u0148uje jejich p\u0159i\u0159azen\u00ed. Otiskovac\u00ed sloupky z\u00edsk\u00e1te jako sada s jedn\u00edm \u0161roubem. V p\u0159\u00edpad\u011b pot\u0159eby m\u016f\u017eete p\u0159\u00edsp\u011bvek znovu zpracovat, jak \u010dasto chcete. Otisk obdr\u017e\u00edte nesteriln\u00ed, proto byste m\u011bli postupovat podle pokyn\u016f k p\u0159epracov\u00e1n\u00ed Heliocos v pokynech k pou\u017eit\u00ed (Heliocos [&hellip;]<\/p>\n","protected":false},"featured_media":24193,"template":"","meta":[],"product_brand":[],"product_cat":[413],"product_tag":[373],"class_list":{"0":"post-24192","1":"product","2":"type-product","3":"status-publish","4":"has-post-thumbnail","6":"product_cat-seven-cs","7":"product_tag-zobrazovaci-prispevek","9":"first","10":"instock","11":"taxable","12":"shipping-taxable","13":"purchasable","14":"product-type-variable","15":"has-default-attributes","16":"rtwpvg-product"},"_links":{"self":[{"href":"https:\/\/shop.heliocos.de\/cs\/wp-json\/wp\/v2\/product\/24192","targetHints":{"allow":["GET"]}}],"collection":[{"href":"https:\/\/shop.heliocos.de\/cs\/wp-json\/wp\/v2\/product"}],"about":[{"href":"https:\/\/shop.heliocos.de\/cs\/wp-json\/wp\/v2\/types\/product"}],"wp:featuredmedia":[{"embeddable":true,"href":"https:\/\/shop.heliocos.de\/cs\/wp-json\/wp\/v2\/media\/24193"}],"wp:attachment":[{"href":"https:\/\/shop.heliocos.de\/cs\/wp-json\/wp\/v2\/media?parent=24192"}],"wp:term":[{"taxonomy":"product_brand","embeddable":true,"href":"https:\/\/shop.heliocos.de\/cs\/wp-json\/wp\/v2\/product_brand?post=24192"},{"taxonomy":"product_cat","embeddable":true,"href":"https:\/\/shop.heliocos.de\/cs\/wp-json\/wp\/v2\/product_cat?post=24192"},{"taxonomy":"product_tag","embeddable":true,"href":"https:\/\/shop.heliocos.de\/cs\/wp-json\/wp\/v2\/product_tag?post=24192"}],"curies":[{"name":"wp","href":"https:\/\/api.w.org\/{rel}","templated":true}]}}