{"id":24132,"date":"2020-06-30T22:09:57","date_gmt":"2020-06-30T20:09:57","guid":{"rendered":"http:\/\/shop.heliocos.de\/produkt\/nezarazene\/rovna-opera-7\/"},"modified":"2020-11-13T14:57:03","modified_gmt":"2020-11-13T13:57:03","slug":"rovna-opera-7","status":"publish","type":"product","link":"https:\/\/shop.heliocos.de\/cs\/produkt\/dentsply-cs\/astra-tech-osseospeed-tx-cs\/rovna-opera-7\/","title":{"rendered":"Rovn\u00e1 op\u011bra Astra Tech\u00ae OsseoSpeed\u00ae TX"},"content":{"rendered":"<p>Rovn\u00e9 op\u011bry pro implant\u00e1ty Dentsply\u00ae &#8211; Astra Tech\u00ae OsseoSpeed\u00ae TX. P\u0159\u00edm\u00e1 op\u011bra je vyrobena ze slitiny titanu. To zaji\u0161\u0165uje vynikaj\u00edc\u00ed biokompatibilitu a vysokou pevnost. Op\u011bry jsou ur\u010deny pro cementovanou n\u00e1hradu. P\u0159\u00edm\u00e1 op\u011bra se vyzna\u010duje vysoce p\u0159esn\u00fdm spojen\u00edm. Proto poskytujeme 30letou z\u00e1ruku v\u00fdrobce na p\u0159\u00edm\u00e9 op\u011bry.<\/p>\n<p>Rovn\u00e9 op\u011bry jsou dod\u00e1v\u00e1ny s definitivn\u00edm op\u011brn\u00fdm \u0161roubem. Op\u011brn\u00fd \u0161roub je tak\u00e9 vyroben ze slitiny titanu. M\u016f\u017eete i nad\u00e1le pou\u017e\u00edvat sv\u00e9 p\u016fvodn\u00ed n\u00e1stroje nebo n\u00e1stroje od spole\u010dnosti Heliocos. P\u0159\u00edm\u00e1 op\u011bra a op\u011brn\u00fd \u0161roub jsou dod\u00e1v\u00e1ny jako sada. P\u0159ed pou\u017eit\u00edm si d\u00edly p\u0159ipravte. P\u0159e\u010dt\u011bte si pros\u00edm pokyny Heliocos v n\u00e1vodu k pou\u017eit\u00ed (Heliocos Downloads).<\/p>\n<p>M\u016f\u017eete si tak\u00e9 objednat vhodn\u00e9 n\u00e1stroje pro p\u0159\u00edm\u00e9 op\u011bry vhodn\u00e9 pro Astra Tech\u00ae OsseoSpeed\u00ae TX\u00ae (driver, hex).<\/p>\n","protected":false},"excerpt":{"rendered":"<p>Rovn\u00e9 op\u011bry pro implant\u00e1ty Dentsply\u00ae &#8211; Astra Tech\u00ae OsseoSpeed\u00ae TX. P\u0159\u00edm\u00e1 op\u011bra je vyrobena ze slitiny titanu. To zaji\u0161\u0165uje vynikaj\u00edc\u00ed biokompatibilitu a vysokou pevnost. Op\u011bry jsou ur\u010deny pro cementovanou n\u00e1hradu. P\u0159\u00edm\u00e1 op\u011bra se vyzna\u010duje vysoce p\u0159esn\u00fdm spojen\u00edm. Proto poskytujeme 30letou z\u00e1ruku v\u00fdrobce na p\u0159\u00edm\u00e9 op\u011bry. Rovn\u00e9 op\u011bry jsou dod\u00e1v\u00e1ny s definitivn\u00edm op\u011brn\u00fdm \u0161roubem. Op\u011brn\u00fd \u0161roub [&hellip;]<\/p>\n","protected":false},"featured_media":24133,"template":"","meta":[],"product_brand":[],"product_cat":[402],"product_tag":[379],"class_list":{"0":"post-24132","1":"product","2":"type-product","3":"status-publish","4":"has-post-thumbnail","6":"product_cat-astra-tech-osseospeed-tx-cs","7":"product_tag-rovna-opera","9":"first","10":"instock","11":"taxable","12":"shipping-taxable","13":"purchasable","14":"product-type-variable","15":"rtwpvg-product"},"_links":{"self":[{"href":"https:\/\/shop.heliocos.de\/cs\/wp-json\/wp\/v2\/product\/24132","targetHints":{"allow":["GET"]}}],"collection":[{"href":"https:\/\/shop.heliocos.de\/cs\/wp-json\/wp\/v2\/product"}],"about":[{"href":"https:\/\/shop.heliocos.de\/cs\/wp-json\/wp\/v2\/types\/product"}],"wp:featuredmedia":[{"embeddable":true,"href":"https:\/\/shop.heliocos.de\/cs\/wp-json\/wp\/v2\/media\/24133"}],"wp:attachment":[{"href":"https:\/\/shop.heliocos.de\/cs\/wp-json\/wp\/v2\/media?parent=24132"}],"wp:term":[{"taxonomy":"product_brand","embeddable":true,"href":"https:\/\/shop.heliocos.de\/cs\/wp-json\/wp\/v2\/product_brand?post=24132"},{"taxonomy":"product_cat","embeddable":true,"href":"https:\/\/shop.heliocos.de\/cs\/wp-json\/wp\/v2\/product_cat?post=24132"},{"taxonomy":"product_tag","embeddable":true,"href":"https:\/\/shop.heliocos.de\/cs\/wp-json\/wp\/v2\/product_tag?post=24132"}],"curies":[{"name":"wp","href":"https:\/\/api.w.org\/{rel}","templated":true}]}}