{"id":24031,"date":"2020-06-30T22:09:26","date_gmt":"2020-06-30T20:09:26","guid":{"rendered":"http:\/\/shop.heliocos.de\/produkt\/nezarazene\/laboratorni-implantat-15\/"},"modified":"2020-11-16T13:07:50","modified_gmt":"2020-11-16T12:07:50","slug":"laboratorni-implantat-15","status":"publish","type":"product","link":"https:\/\/shop.heliocos.de\/cs\/produkt\/straumann-cs\/tissue-level-cs\/laboratorni-implantat-15\/","title":{"rendered":"Laboratorn\u00ed implant\u00e1t pro Straumann\u00ae \u2013 Tissue Level"},"content":{"rendered":"<p>Laboratorn\u00ed analog vhodn\u00fd pro Straumann\u00ae &#8211; Tissue Level vyroben\u00fd z titanu t\u0159\u00eddy 5. Vysoce kvalitn\u00ed barevn\u00e9 k\u00f3dov\u00e1n\u00ed umo\u017e\u0148uje snadn\u00e9 rozli\u0161en\u00ed a p\u0159i\u0159azen\u00ed.<\/p>\n<p>Vyu\u017eijte atraktivn\u00ed pom\u011br ceny a v\u00fdkonu Heliocos Analogs, proto nab\u00edz\u00edme odstup\u0148ovan\u00e9 ceny. V balen\u00ed po 10 stoj\u00ed laboratorn\u00ed analog ka\u017ed\u00fd 9 EUR, v balen\u00ed po 30 laboratorn\u00ed analog stoj\u00ed 8 EUR.<\/p>\n<p>Pou\u017eijte laboratorn\u00ed analogy, kter\u00e9 odpov\u00eddaj\u00ed Straumann\u00ae &#8211; Tissue Level tak\u00e9 pro ti\u0161t\u011bn\u00e9 modely. Chcete-li to prov\u00e9st, st\u00e1hn\u011bte si na\u0161e knihovny. St\u00e1hn\u011bte si knihovny pro sv\u016fj digit\u00e1ln\u00ed pracovn\u00ed postup z Heliocos (Heliocos Downloads).<\/p>\n","protected":false},"excerpt":{"rendered":"<p>Laboratorn\u00ed analog vhodn\u00fd pro Straumann\u00ae &#8211; Tissue Level vyroben\u00fd z titanu t\u0159\u00eddy 5. Vysoce kvalitn\u00ed barevn\u00e9 k\u00f3dov\u00e1n\u00ed umo\u017e\u0148uje snadn\u00e9 rozli\u0161en\u00ed a p\u0159i\u0159azen\u00ed. Vyu\u017eijte atraktivn\u00ed pom\u011br ceny a v\u00fdkonu Heliocos Analogs, proto nab\u00edz\u00edme odstup\u0148ovan\u00e9 ceny. V balen\u00ed po 10 stoj\u00ed laboratorn\u00ed analog ka\u017ed\u00fd 9 EUR, v balen\u00ed po 30 laboratorn\u00ed analog stoj\u00ed 8 EUR. Pou\u017eijte laboratorn\u00ed [&hellip;]<\/p>\n","protected":false},"featured_media":24032,"template":"","meta":[],"product_brand":[],"product_cat":[422],"product_tag":[384],"class_list":{"0":"post-24031","1":"product","2":"type-product","3":"status-publish","4":"has-post-thumbnail","6":"product_cat-tissue-level-cs","7":"product_tag-laboratorni-implantat","9":"first","10":"instock","11":"taxable","12":"shipping-taxable","13":"purchasable","14":"product-type-variable","15":"rtwpvg-product"},"_links":{"self":[{"href":"https:\/\/shop.heliocos.de\/cs\/wp-json\/wp\/v2\/product\/24031","targetHints":{"allow":["GET"]}}],"collection":[{"href":"https:\/\/shop.heliocos.de\/cs\/wp-json\/wp\/v2\/product"}],"about":[{"href":"https:\/\/shop.heliocos.de\/cs\/wp-json\/wp\/v2\/types\/product"}],"wp:featuredmedia":[{"embeddable":true,"href":"https:\/\/shop.heliocos.de\/cs\/wp-json\/wp\/v2\/media\/24032"}],"wp:attachment":[{"href":"https:\/\/shop.heliocos.de\/cs\/wp-json\/wp\/v2\/media?parent=24031"}],"wp:term":[{"taxonomy":"product_brand","embeddable":true,"href":"https:\/\/shop.heliocos.de\/cs\/wp-json\/wp\/v2\/product_brand?post=24031"},{"taxonomy":"product_cat","embeddable":true,"href":"https:\/\/shop.heliocos.de\/cs\/wp-json\/wp\/v2\/product_cat?post=24031"},{"taxonomy":"product_tag","embeddable":true,"href":"https:\/\/shop.heliocos.de\/cs\/wp-json\/wp\/v2\/product_tag?post=24031"}],"curies":[{"name":"wp","href":"https:\/\/api.w.org\/{rel}","templated":true}]}}