{"id":24007,"date":"2020-06-30T22:09:51","date_gmt":"2020-06-30T20:09:51","guid":{"rendered":"http:\/\/shop.heliocos.de\/produkt\/nezarazene\/laboratorni-implantat-12\/"},"modified":"2020-11-13T08:51:45","modified_gmt":"2020-11-13T07:51:45","slug":"laboratorni-implantat-12","status":"publish","type":"product","link":"https:\/\/shop.heliocos.de\/cs\/produkt\/dentsply-cs\/ankylos-cs\/laboratorni-implantat-12\/","title":{"rendered":"Laboratorn\u00ed implant\u00e1t pro Ankylos\u00ae"},"content":{"rendered":"<p>Laboratorn\u00ed analog vhodn\u00fd pro pil\u00ed\u0159e Dentsply\u00ae &#8211; Ankylos\u00ae. M\u016f\u017eete si vybrat mezi analogy implant\u00e1tu s indexem nebo bez n\u011bj. Indexovan\u00e9 analogy maj\u00ed vysoce kvalitn\u00ed barevn\u00e9 k\u00f3dov\u00e1n\u00ed, tak\u017ee je m\u016f\u017eete snadno odli\u0161it. Ka\u017ed\u00fd laboratorn\u00ed analog je dlouh\u00fd 12 mm, tak\u017ee nemus\u00edte laboratorn\u00ed analog d\u00e1le zkracovat, co\u017e usnad\u0148uje jeho pou\u017e\u00edv\u00e1n\u00ed.<\/p>\n<p>V\u0161echny laboratorn\u00ed analogy jsou vyrobeny ze slitiny titanu, varianta X je tak\u00e9 barevn\u011b odli\u0161ena.<\/p>\n<p>Vyu\u017eijte atraktivn\u00ed odstup\u0148ovan\u00e9 ceny od spole\u010dnosti Heliocos a kupte si laboratorn\u00ed analogy v balen\u00ed po 10 nebo 30 kusech, abyste m\u011bli skv\u011bl\u00fd pom\u011br ceny a v\u00fdkonu. V balen\u00ed po 10 stoj\u00ed laboratorn\u00ed analog ka\u017ed\u00fd 9 EUR, v balen\u00ed po 30 laboratorn\u00ed analog stoj\u00ed 8 EUR.<\/p>\n<p>Obdr\u017e\u00edte laboratorn\u00ed analogy nesteriln\u00ed. M\u016f\u017eete tak\u00e9 pou\u017e\u00edt laboratorn\u00ed analogy pro Dentsply\u00ae &#8211; Ankylos\u00ae pro ti\u0161t\u011bn\u00e9 modely. Pou\u017e\u00edvejte knihovny Heliocos pro sv\u016fj digit\u00e1ln\u00ed pracovn\u00ed tok (stahov\u00e1n\u00ed Heliocos).<\/p>\n","protected":false},"excerpt":{"rendered":"<p>Laboratorn\u00ed analog vhodn\u00fd pro pil\u00ed\u0159e Dentsply\u00ae &#8211; Ankylos\u00ae. M\u016f\u017eete si vybrat mezi analogy implant\u00e1tu s indexem nebo bez n\u011bj. Indexovan\u00e9 analogy maj\u00ed vysoce kvalitn\u00ed barevn\u00e9 k\u00f3dov\u00e1n\u00ed, tak\u017ee je m\u016f\u017eete snadno odli\u0161it. Ka\u017ed\u00fd laboratorn\u00ed analog je dlouh\u00fd 12 mm, tak\u017ee nemus\u00edte laboratorn\u00ed analog d\u00e1le zkracovat, co\u017e usnad\u0148uje jeho pou\u017e\u00edv\u00e1n\u00ed. V\u0161echny laboratorn\u00ed analogy jsou vyrobeny ze slitiny [&hellip;]<\/p>\n","protected":false},"featured_media":24008,"template":"","meta":[],"product_brand":[],"product_cat":[400],"product_tag":[384],"class_list":{"0":"post-24007","1":"product","2":"type-product","3":"status-publish","4":"has-post-thumbnail","6":"product_cat-ankylos-cs","7":"product_tag-laboratorni-implantat","9":"first","10":"instock","11":"taxable","12":"shipping-taxable","13":"purchasable","14":"product-type-variable","15":"rtwpvg-product"},"_links":{"self":[{"href":"https:\/\/shop.heliocos.de\/cs\/wp-json\/wp\/v2\/product\/24007","targetHints":{"allow":["GET"]}}],"collection":[{"href":"https:\/\/shop.heliocos.de\/cs\/wp-json\/wp\/v2\/product"}],"about":[{"href":"https:\/\/shop.heliocos.de\/cs\/wp-json\/wp\/v2\/types\/product"}],"wp:featuredmedia":[{"embeddable":true,"href":"https:\/\/shop.heliocos.de\/cs\/wp-json\/wp\/v2\/media\/24008"}],"wp:attachment":[{"href":"https:\/\/shop.heliocos.de\/cs\/wp-json\/wp\/v2\/media?parent=24007"}],"wp:term":[{"taxonomy":"product_brand","embeddable":true,"href":"https:\/\/shop.heliocos.de\/cs\/wp-json\/wp\/v2\/product_brand?post=24007"},{"taxonomy":"product_cat","embeddable":true,"href":"https:\/\/shop.heliocos.de\/cs\/wp-json\/wp\/v2\/product_cat?post=24007"},{"taxonomy":"product_tag","embeddable":true,"href":"https:\/\/shop.heliocos.de\/cs\/wp-json\/wp\/v2\/product_tag?post=24007"}],"curies":[{"name":"wp","href":"https:\/\/api.w.org\/{rel}","templated":true}]}}