{"id":23972,"date":"2020-06-30T22:10:30","date_gmt":"2020-06-30T20:10:30","guid":{"rendered":"http:\/\/shop.heliocos.de\/produkt\/nezarazene\/laboratorni-implantat-8\/"},"modified":"2020-11-17T09:36:22","modified_gmt":"2020-11-17T08:36:22","slug":"laboratorni-implantat-8","status":"publish","type":"product","link":"https:\/\/shop.heliocos.de\/cs\/produkt\/nobel-biocare-cs\/nobelactive-nobelreplace-cc-cs\/laboratorni-implantat-8\/","title":{"rendered":"Laboratorn\u00ed implant\u00e1t pro Nobel Biocare\u00ae"},"content":{"rendered":"<p>Laboratorn\u00ed analog vhodn\u00fd pro Nobel Biocare\u00ae s k\u00f3nick\u00fdm vnit\u0159n\u00edm p\u0159ipojen\u00edm. Analogy jsou barevn\u011b odli\u0161eny, tak\u017ee m\u016f\u017eete produkty snadno odli\u0161it a p\u0159i\u0159adit. Ka\u017ed\u00fd laboratorn\u00ed analog je dlouh\u00fd 12 mm, co\u017e usnad\u0148uje jeho pou\u017e\u00edv\u00e1n\u00ed.<\/p>\n<p>V\u0161echny laboratorn\u00ed analogy jsou vyrobeny ze slitiny titanu. Barevn\u00e9 k\u00f3dov\u00e1n\u00ed odpov\u00edd\u00e1 barevn\u00e9mu ozna\u010den\u00ed Nobel Biocare\u00ae.<\/p>\n<p>Vyu\u017eijte atraktivn\u00ed pom\u011br ceny a v\u00fdkonu Heliocos Analogs, proto nab\u00edz\u00edme odstup\u0148ovan\u00e9 ceny. V balen\u00ed po 10 stoj\u00ed laboratorn\u00ed analog ka\u017ed\u00fd 9 EUR, v balen\u00ed po 30 laboratorn\u00ed analog stoj\u00ed 8 EUR.<\/p>\n<p>Pro ti\u0161t\u011bn\u00e9 modely m\u016f\u017eete tak\u00e9 pou\u017e\u00edt laboratorn\u00ed analogy vhodn\u00e9 pro Nobel Biocare\u00ae. Chcete-li to prov\u00e9st, st\u00e1hn\u011bte si na\u0161e knihovny. St\u00e1hn\u011bte si knihovny pro sv\u016fj digit\u00e1ln\u00ed pracovn\u00ed postup z Heliocos (Heliocos Downloads).<\/p>\n","protected":false},"excerpt":{"rendered":"<p>Laboratorn\u00ed analog vhodn\u00fd pro Nobel Biocare\u00ae s k\u00f3nick\u00fdm vnit\u0159n\u00edm p\u0159ipojen\u00edm. Analogy jsou barevn\u011b odli\u0161eny, tak\u017ee m\u016f\u017eete produkty snadno odli\u0161it a p\u0159i\u0159adit. Ka\u017ed\u00fd laboratorn\u00ed analog je dlouh\u00fd 12 mm, co\u017e usnad\u0148uje jeho pou\u017e\u00edv\u00e1n\u00ed. V\u0161echny laboratorn\u00ed analogy jsou vyrobeny ze slitiny titanu. Barevn\u00e9 k\u00f3dov\u00e1n\u00ed odpov\u00edd\u00e1 barevn\u00e9mu ozna\u010den\u00ed Nobel Biocare\u00ae. Vyu\u017eijte atraktivn\u00ed pom\u011br ceny a v\u00fdkonu Heliocos Analogs, [&hellip;]<\/p>\n","protected":false},"featured_media":25606,"template":"","meta":[],"product_brand":[],"product_cat":[417],"product_tag":[384],"class_list":{"0":"post-23972","1":"product","2":"type-product","3":"status-publish","4":"has-post-thumbnail","6":"product_cat-nobelactive-nobelreplace-cc-cs","7":"product_tag-laboratorni-implantat","9":"first","10":"instock","11":"taxable","12":"shipping-taxable","13":"purchasable","14":"product-type-variable","15":"rtwpvg-product"},"_links":{"self":[{"href":"https:\/\/shop.heliocos.de\/cs\/wp-json\/wp\/v2\/product\/23972","targetHints":{"allow":["GET"]}}],"collection":[{"href":"https:\/\/shop.heliocos.de\/cs\/wp-json\/wp\/v2\/product"}],"about":[{"href":"https:\/\/shop.heliocos.de\/cs\/wp-json\/wp\/v2\/types\/product"}],"wp:featuredmedia":[{"embeddable":true,"href":"https:\/\/shop.heliocos.de\/cs\/wp-json\/wp\/v2\/media\/25606"}],"wp:attachment":[{"href":"https:\/\/shop.heliocos.de\/cs\/wp-json\/wp\/v2\/media?parent=23972"}],"wp:term":[{"taxonomy":"product_brand","embeddable":true,"href":"https:\/\/shop.heliocos.de\/cs\/wp-json\/wp\/v2\/product_brand?post=23972"},{"taxonomy":"product_cat","embeddable":true,"href":"https:\/\/shop.heliocos.de\/cs\/wp-json\/wp\/v2\/product_cat?post=23972"},{"taxonomy":"product_tag","embeddable":true,"href":"https:\/\/shop.heliocos.de\/cs\/wp-json\/wp\/v2\/product_tag?post=23972"}],"curies":[{"name":"wp","href":"https:\/\/api.w.org\/{rel}","templated":true}]}}