{"id":23958,"date":"2020-06-30T22:10:42","date_gmt":"2020-06-30T20:10:42","guid":{"rendered":"http:\/\/shop.heliocos.de\/produkt\/nezarazene\/laboratorni-implantat-6\/"},"modified":"2020-11-16T11:20:47","modified_gmt":"2020-11-16T10:20:47","slug":"laboratorni-implantat-6","status":"publish","type":"product","link":"https:\/\/shop.heliocos.de\/cs\/produkt\/zimmer-dental-cs\/tapered-screw-vent-cs\/laboratorni-implantat-6\/","title":{"rendered":"Laboratorn\u00ed implant\u00e1t pro Zimmer Dental\u00ae"},"content":{"rendered":"<p>Laboratorn\u00ed analog, kter\u00fd odpov\u00edd\u00e1 op\u011br\u00e1m Zimmer Dental\u00ae. Analogy jsou barevn\u011b odli\u0161eny, tak\u017ee m\u016f\u017eete produkty snadno odli\u0161it a p\u0159i\u0159adit. Ka\u017ed\u00fd laboratorn\u00ed analog je dlouh\u00fd 12 mm, co\u017e usnad\u0148uje jeho pou\u017e\u00edv\u00e1n\u00ed.<\/p>\n<p>V\u0161echny laboratorn\u00ed analogy jsou vyrobeny ze slitiny titanu. Barevn\u00e9 k\u00f3dov\u00e1n\u00ed odpov\u00edd\u00e1 barevn\u00e9mu ozna\u010den\u00ed Zimmer Dental\u00ae<\/p>\n<p>Vyu\u017eijte atraktivn\u00ed pom\u011br ceny a v\u00fdkonu Heliocos Analogs, proto nab\u00edz\u00edme odstup\u0148ovan\u00e9 ceny. V balen\u00ed po 10 stoj\u00ed laboratorn\u00ed analog ka\u017ed\u00fd 9 EUR, v balen\u00ed po 30 laboratorn\u00ed analog stoj\u00ed 8 EUR.<\/p>\n<p>M\u016f\u017eete tak\u00e9 pou\u017e\u00edt laboratorn\u00ed analogy k porovn\u00e1n\u00ed se Zimmer Dental\u00ae pro ti\u0161t\u011bn\u00e9 modely. Chcete-li to prov\u00e9st, st\u00e1hn\u011bte si na\u0161e knihovny. St\u00e1hn\u011bte si knihovny pro sv\u016fj digit\u00e1ln\u00ed pracovn\u00ed postup z Heliocos (Heliocos Downloads).<\/p>\n","protected":false},"excerpt":{"rendered":"<p>Laboratorn\u00ed analog, kter\u00fd odpov\u00edd\u00e1 op\u011br\u00e1m Zimmer Dental\u00ae. Analogy jsou barevn\u011b odli\u0161eny, tak\u017ee m\u016f\u017eete produkty snadno odli\u0161it a p\u0159i\u0159adit. Ka\u017ed\u00fd laboratorn\u00ed analog je dlouh\u00fd 12 mm, co\u017e usnad\u0148uje jeho pou\u017e\u00edv\u00e1n\u00ed. V\u0161echny laboratorn\u00ed analogy jsou vyrobeny ze slitiny titanu. Barevn\u00e9 k\u00f3dov\u00e1n\u00ed odpov\u00edd\u00e1 barevn\u00e9mu ozna\u010den\u00ed Zimmer Dental\u00ae Vyu\u017eijte atraktivn\u00ed pom\u011br ceny a v\u00fdkonu Heliocos Analogs, proto nab\u00edz\u00edme odstup\u0148ovan\u00e9 [&hellip;]<\/p>\n","protected":false},"featured_media":23959,"template":"","meta":[],"product_brand":[],"product_cat":[424],"product_tag":[384],"class_list":{"0":"post-23958","1":"product","2":"type-product","3":"status-publish","4":"has-post-thumbnail","6":"product_cat-tapered-screw-vent-cs","7":"product_tag-laboratorni-implantat","9":"first","10":"instock","11":"taxable","12":"shipping-taxable","13":"purchasable","14":"product-type-variable","15":"rtwpvg-product"},"_links":{"self":[{"href":"https:\/\/shop.heliocos.de\/cs\/wp-json\/wp\/v2\/product\/23958","targetHints":{"allow":["GET"]}}],"collection":[{"href":"https:\/\/shop.heliocos.de\/cs\/wp-json\/wp\/v2\/product"}],"about":[{"href":"https:\/\/shop.heliocos.de\/cs\/wp-json\/wp\/v2\/types\/product"}],"wp:featuredmedia":[{"embeddable":true,"href":"https:\/\/shop.heliocos.de\/cs\/wp-json\/wp\/v2\/media\/23959"}],"wp:attachment":[{"href":"https:\/\/shop.heliocos.de\/cs\/wp-json\/wp\/v2\/media?parent=23958"}],"wp:term":[{"taxonomy":"product_brand","embeddable":true,"href":"https:\/\/shop.heliocos.de\/cs\/wp-json\/wp\/v2\/product_brand?post=23958"},{"taxonomy":"product_cat","embeddable":true,"href":"https:\/\/shop.heliocos.de\/cs\/wp-json\/wp\/v2\/product_cat?post=23958"},{"taxonomy":"product_tag","embeddable":true,"href":"https:\/\/shop.heliocos.de\/cs\/wp-json\/wp\/v2\/product_tag?post=23958"}],"curies":[{"name":"wp","href":"https:\/\/api.w.org\/{rel}","templated":true}]}}