{"id":23921,"date":"2020-06-30T22:09:26","date_gmt":"2020-06-30T20:09:26","guid":{"rendered":"http:\/\/shop.heliocos.de\/produkt\/nezarazene\/zobrazovaci-prispevek-4\/"},"modified":"2021-10-12T08:48:46","modified_gmt":"2021-10-12T06:48:46","slug":"zobrazovaci-prispevek-4","status":"publish","type":"product","link":"https:\/\/shop.heliocos.de\/cs\/produkt\/straumann-cs\/tissue-level-cs\/zobrazovaci-prispevek-4\/","title":{"rendered":"Zobrazovac\u00ed p\u0159\u00edsp\u011bvek pro Straumann\u00ae \u2013 Tissue Level"},"content":{"rendered":"<p>Otiskovac\u00ed sloupky vhodn\u00e9 pro Straumann\u00ae &#8211; Tissue Level.<\/p>\n<p>Otiskovac\u00ed sloupky jsou vyrobeny ze slitiny titanu a maj\u00ed vysoce kvalitn\u00ed eloxovanou barvu, tak\u017ee je lze snadno p\u0159i\u0159adit.<\/p>\n<p>Otiskovac\u00ed sloupky z\u00edsk\u00e1te jako sada s jedn\u00edm \u0161roubem. V p\u0159\u00edpad\u011b pot\u0159eby m\u016f\u017eete p\u0159\u00edsp\u011bvek znovu zpracovat, jak \u010dasto chcete. Otiskovac\u00ed sloupek je dod\u00e1v\u00e1n nesteriln\u00ed, proto byste m\u011bli postupovat podle pokyn\u016f k p\u0159epracov\u00e1n\u00ed Heliocos v n\u00e1vodu k pou\u017eit\u00ed (Heliocos ke sta\u017een\u00ed).<\/p>\n<p>Po pou\u017eit\u00ed byste nem\u011bli znovu zpracov\u00e1vat pozi\u010dn\u00ed \u010depice, tak\u017ee je m\u016f\u017eete zm\u011bnit.<\/p>\n","protected":false},"excerpt":{"rendered":"<p>Otiskovac\u00ed sloupky vhodn\u00e9 pro Straumann\u00ae &#8211; Tissue Level. Otiskovac\u00ed sloupky jsou vyrobeny ze slitiny titanu a maj\u00ed vysoce kvalitn\u00ed eloxovanou barvu, tak\u017ee je lze snadno p\u0159i\u0159adit. Otiskovac\u00ed sloupky z\u00edsk\u00e1te jako sada s jedn\u00edm \u0161roubem. V p\u0159\u00edpad\u011b pot\u0159eby m\u016f\u017eete p\u0159\u00edsp\u011bvek znovu zpracovat, jak \u010dasto chcete. Otiskovac\u00ed sloupek je dod\u00e1v\u00e1n nesteriln\u00ed, proto byste m\u011bli postupovat podle pokyn\u016f [&hellip;]<\/p>\n","protected":false},"featured_media":23922,"template":"","meta":[],"product_brand":[],"product_cat":[422],"product_tag":[373],"class_list":{"0":"post-23921","1":"product","2":"type-product","3":"status-publish","4":"has-post-thumbnail","6":"product_cat-tissue-level-cs","7":"product_tag-zobrazovaci-prispevek","9":"first","10":"instock","11":"taxable","12":"shipping-taxable","13":"purchasable","14":"product-type-variable","15":"has-default-attributes","16":"rtwpvg-product"},"_links":{"self":[{"href":"https:\/\/shop.heliocos.de\/cs\/wp-json\/wp\/v2\/product\/23921","targetHints":{"allow":["GET"]}}],"collection":[{"href":"https:\/\/shop.heliocos.de\/cs\/wp-json\/wp\/v2\/product"}],"about":[{"href":"https:\/\/shop.heliocos.de\/cs\/wp-json\/wp\/v2\/types\/product"}],"wp:featuredmedia":[{"embeddable":true,"href":"https:\/\/shop.heliocos.de\/cs\/wp-json\/wp\/v2\/media\/23922"}],"wp:attachment":[{"href":"https:\/\/shop.heliocos.de\/cs\/wp-json\/wp\/v2\/media?parent=23921"}],"wp:term":[{"taxonomy":"product_brand","embeddable":true,"href":"https:\/\/shop.heliocos.de\/cs\/wp-json\/wp\/v2\/product_brand?post=23921"},{"taxonomy":"product_cat","embeddable":true,"href":"https:\/\/shop.heliocos.de\/cs\/wp-json\/wp\/v2\/product_cat?post=23921"},{"taxonomy":"product_tag","embeddable":true,"href":"https:\/\/shop.heliocos.de\/cs\/wp-json\/wp\/v2\/product_tag?post=23921"}],"curies":[{"name":"wp","href":"https:\/\/api.w.org\/{rel}","templated":true}]}}