{"id":23549,"date":"2020-07-10T11:32:18","date_gmt":"2020-07-10T09:32:18","guid":{"rendered":"http:\/\/shop.heliocos.de\/produkt\/nezarazene\/multi-unit-opera\/"},"modified":"2020-11-10T16:40:13","modified_gmt":"2020-11-10T15:40:13","slug":"multi-unit-opera","status":"publish","type":"product","link":"https:\/\/shop.heliocos.de\/cs\/produkt\/straumann-cs\/bone-level-cs\/multi-unit-opera\/","title":{"rendered":"Multi-Unit op\u011bra pro Straumann\u00ae &#8211; Bone Level"},"content":{"rendered":"<p>V\u00edcejednotkov\u00e1 podp\u011bra pro ty\u010de se \u0161roubov\u00fdm spojem vhodn\u00e9 pro Straumann\u00ae &#8211; Bone Level. Kom\u00ednov\u00e1 konstrukce v\u00edcejednotkov\u00fdch pil\u00ed\u0159\u016f je stejn\u00e1 na v\u0161ech platform\u00e1ch. S v\u00edcejednotkov\u00fdmi abutmenty od spole\u010dnosti Heliocos m\u016f\u017eete dodat r\u016fzn\u00e9 implanta\u010dn\u00ed syst\u00e9my. M\u016f\u017eete si vybrat z r\u016fzn\u00fdch v\u00fd\u0161ek d\u00e1sn\u00ed. Skv\u011bl\u00fd pom\u011br ceny a v\u00fdkonu v\u010detn\u011b 30let\u00e9 z\u00e1ruky v\u00fdrobce.<\/p>\n<p>Multi-jednotku vyr\u00e1b\u00edme ze slitiny titanu. V\u00fdsledkem je prok\u00e1zan\u00e1 biokompatibilita a vynikaj\u00edc\u00ed mechanick\u00e1 pevnost. V\u00edcejednotkov\u00e9 podp\u011bry jsou navr\u017eeny s kr\u00e1tk\u00fdm ku\u017eelem, tak\u017ee je lze pou\u017e\u00edt i p\u0159i omezen\u00e9m prostoru. Konstrukce v\u00edcejednotkov\u00fdch pil\u00ed\u0159\u016f je zalo\u017eena na principu All-on-4\u00ae.<\/p>\n<p>M\u016f\u017eete si vybrat z \u0161irok\u00e9 nab\u00eddky terci\u00e1rn\u00edch d\u00edl\u016f pro v\u00edcejednotkov\u00e9 pil\u00ed\u0159e. Pou\u017eijte procesn\u00ed \u0159et\u011bzec CAD \/ CAM (titanov\u00e1 z\u00e1kladn\u00ed jednotka) nebo konven\u010dn\u00ed pracovn\u00ed postup (titanov\u00e1 krytka v\u00edce jednotek).<\/p>\n<p>Knihovny Heliocos v\u00e1m nab\u00edzej\u00ed maxim\u00e1ln\u00ed svobodu p\u0159i navrhov\u00e1n\u00ed \u0161roubovan\u00fdch ty\u010d\u00ed. Bu\u010f svou pr\u00e1ci navrhujete na titanov\u00fdch z\u00e1kladn\u00e1ch nebo na p\u0159\u00edmo p\u0159i\u0161roubovan\u00e9m \u0159e\u0161en\u00ed. U Heliocos je volba na v\u00e1s. Knihovny si m\u016f\u017eete pohodln\u011b st\u00e1hnout z webu Heliocos (Heliocos Downloads).<\/p>\n<p>Doporu\u010dujeme prov\u00e9st skenov\u00e1n\u00ed a otisk na \u00farovni dosednut\u00ed. V\u00edcejednotkov\u00e9 op\u011bry dod\u00e1v\u00e1me s praktickou zav\u00e1d\u011bc\u00ed pom\u016fckou. D\u00edky tomu je m\u016f\u017eete snadno inzerovat. D\u00edly jsou dod\u00e1v\u00e1ny nesteriln\u00ed. P\u0159e\u010dt\u011bte si pros\u00edm pokyny Heliocos v n\u00e1vodu k pou\u017eit\u00ed (Heliocos Downloads). Pou\u017eijte n\u00e1stroj pro vlo\u017een\u00ed v\u00edce jednotek pro snadn\u00e9 vlo\u017een\u00ed podp\u011br pro v\u00edce jednotek.<\/p>\n","protected":false},"excerpt":{"rendered":"<p>V\u00edcejednotkov\u00e1 podp\u011bra pro ty\u010de se \u0161roubov\u00fdm spojem vhodn\u00e9 pro Straumann\u00ae &#8211; Bone Level. Kom\u00ednov\u00e1 konstrukce v\u00edcejednotkov\u00fdch pil\u00ed\u0159\u016f je stejn\u00e1 na v\u0161ech platform\u00e1ch. S v\u00edcejednotkov\u00fdmi abutmenty od spole\u010dnosti Heliocos m\u016f\u017eete dodat r\u016fzn\u00e9 implanta\u010dn\u00ed syst\u00e9my. M\u016f\u017eete si vybrat z r\u016fzn\u00fdch v\u00fd\u0161ek d\u00e1sn\u00ed. Skv\u011bl\u00fd pom\u011br ceny a v\u00fdkonu v\u010detn\u011b 30let\u00e9 z\u00e1ruky v\u00fdrobce. Multi-jednotku vyr\u00e1b\u00edme ze slitiny titanu. V\u00fdsledkem [&hellip;]<\/p>\n","protected":false},"featured_media":23553,"template":"","meta":[],"product_brand":[],"product_cat":[421],"product_tag":[388],"class_list":{"0":"post-23549","1":"product","2":"type-product","3":"status-publish","4":"has-post-thumbnail","6":"product_cat-bone-level-cs","7":"product_tag-multi-unit-opera","9":"first","10":"instock","11":"taxable","12":"shipping-taxable","13":"purchasable","14":"product-type-variable","15":"rtwpvg-product"},"_links":{"self":[{"href":"https:\/\/shop.heliocos.de\/cs\/wp-json\/wp\/v2\/product\/23549","targetHints":{"allow":["GET"]}}],"collection":[{"href":"https:\/\/shop.heliocos.de\/cs\/wp-json\/wp\/v2\/product"}],"about":[{"href":"https:\/\/shop.heliocos.de\/cs\/wp-json\/wp\/v2\/types\/product"}],"wp:featuredmedia":[{"embeddable":true,"href":"https:\/\/shop.heliocos.de\/cs\/wp-json\/wp\/v2\/media\/23553"}],"wp:attachment":[{"href":"https:\/\/shop.heliocos.de\/cs\/wp-json\/wp\/v2\/media?parent=23549"}],"wp:term":[{"taxonomy":"product_brand","embeddable":true,"href":"https:\/\/shop.heliocos.de\/cs\/wp-json\/wp\/v2\/product_brand?post=23549"},{"taxonomy":"product_cat","embeddable":true,"href":"https:\/\/shop.heliocos.de\/cs\/wp-json\/wp\/v2\/product_cat?post=23549"},{"taxonomy":"product_tag","embeddable":true,"href":"https:\/\/shop.heliocos.de\/cs\/wp-json\/wp\/v2\/product_tag?post=23549"}],"curies":[{"name":"wp","href":"https:\/\/api.w.org\/{rel}","templated":true}]}}