{"id":20935,"date":"2020-06-30T22:11:09","date_gmt":"2020-06-30T20:11:09","guid":{"rendered":"http:\/\/shop.heliocos.de\/produkt\/unkategorisiert\/import-placeholder-for-577\/"},"modified":"2020-07-07T17:45:41","modified_gmt":"2020-07-07T15:45:41","slug":"loeseinstrument","status":"publish","type":"product","link":"https:\/\/shop.heliocos.de\/cs\/produkt\/nastroje\/ankylos-instrumente-cs\/loeseinstrument\/","title":{"rendered":"L\u00f6seinstrument"},"content":{"rendered":"<p>L\u00f6seinstrument zum einfachen L\u00f6sen der Heliocos DS-AY Abutments aus Ankylos\u00ae Implantaten oder Laboranalogen.<\/p>\n","protected":false},"excerpt":{"rendered":"<p>L\u00f6seinstrument zum einfachen L\u00f6sen der Heliocos DS-AY Abutments aus Ankylos\u00ae Implantaten oder Laboranalogen.<\/p>\n","protected":false},"featured_media":14489,"template":"","meta":[],"product_brand":[],"product_cat":[51],"product_tag":[98],"class_list":{"0":"post-20935","1":"product","2":"type-product","3":"status-publish","4":"has-post-thumbnail","6":"product_cat-ankylos-instrumente","7":"product_tag-loeseinstrument","9":"first","10":"instock","11":"taxable","12":"shipping-taxable","13":"purchasable","14":"product-type-simple"},"_links":{"self":[{"href":"https:\/\/shop.heliocos.de\/cs\/wp-json\/wp\/v2\/product\/20935","targetHints":{"allow":["GET"]}}],"collection":[{"href":"https:\/\/shop.heliocos.de\/cs\/wp-json\/wp\/v2\/product"}],"about":[{"href":"https:\/\/shop.heliocos.de\/cs\/wp-json\/wp\/v2\/types\/product"}],"wp:featuredmedia":[{"embeddable":true,"href":"https:\/\/shop.heliocos.de\/cs\/wp-json\/wp\/v2\/media\/14489"}],"wp:attachment":[{"href":"https:\/\/shop.heliocos.de\/cs\/wp-json\/wp\/v2\/media?parent=20935"}],"wp:term":[{"taxonomy":"product_brand","embeddable":true,"href":"https:\/\/shop.heliocos.de\/cs\/wp-json\/wp\/v2\/product_brand?post=20935"},{"taxonomy":"product_cat","embeddable":true,"href":"https:\/\/shop.heliocos.de\/cs\/wp-json\/wp\/v2\/product_cat?post=20935"},{"taxonomy":"product_tag","embeddable":true,"href":"https:\/\/shop.heliocos.de\/cs\/wp-json\/wp\/v2\/product_tag?post=20935"}],"curies":[{"name":"wp","href":"https:\/\/api.w.org\/{rel}","templated":true}]}}