{"id":23576,"date":"2020-07-14T17:16:11","date_gmt":"2020-07-14T15:16:11","guid":{"rendered":"http:\/\/shop.heliocos.de\/muj-ucet\/"},"modified":"2021-07-04T14:37:13","modified_gmt":"2021-07-04T12:37:13","slug":"muj-ucet","status":"publish","type":"page","link":"https:\/\/shop.heliocos.de\/cs\/muj-ucet\/","title":{"rendered":"M\u016fj \u00fa\u010det"},"content":{"rendered":"<div class=\"woocommerce\"><\/div>\n","protected":false},"excerpt":{"rendered":"","protected":false},"author":1,"featured_media":0,"parent":0,"menu_order":0,"comment_status":"closed","ping_status":"closed","template":"","meta":{"footnotes":""},"class_list":["post-23576","page","type-page","status-publish","hentry"],"_links":{"self":[{"href":"https:\/\/shop.heliocos.de\/cs\/wp-json\/wp\/v2\/pages\/23576","targetHints":{"allow":["GET"]}}],"collection":[{"href":"https:\/\/shop.heliocos.de\/cs\/wp-json\/wp\/v2\/pages"}],"about":[{"href":"https:\/\/shop.heliocos.de\/cs\/wp-json\/wp\/v2\/types\/page"}],"author":[{"embeddable":true,"href":"https:\/\/shop.heliocos.de\/cs\/wp-json\/wp\/v2\/users\/1"}],"replies":[{"embeddable":true,"href":"https:\/\/shop.heliocos.de\/cs\/wp-json\/wp\/v2\/comments?post=23576"}],"version-history":[{"count":3,"href":"https:\/\/shop.heliocos.de\/cs\/wp-json\/wp\/v2\/pages\/23576\/revisions"}],"predecessor-version":[{"id":29701,"href":"https:\/\/shop.heliocos.de\/cs\/wp-json\/wp\/v2\/pages\/23576\/revisions\/29701"}],"wp:attachment":[{"href":"https:\/\/shop.heliocos.de\/cs\/wp-json\/wp\/v2\/media?parent=23576"}],"curies":[{"name":"wp","href":"https:\/\/api.w.org\/{rel}","templated":true}]}}