{"id":23566,"date":"2020-07-14T17:14:07","date_gmt":"2020-07-14T15:14:07","guid":{"rendered":"http:\/\/shop.heliocos.de\/nakupni-kosik\/"},"modified":"2020-07-14T17:14:07","modified_gmt":"2020-07-14T15:14:07","slug":"nakupni-kosik","status":"publish","type":"page","link":"https:\/\/shop.heliocos.de\/cs\/nakupni-kosik\/","title":{"rendered":"N\u00e1kupn\u00ed ko\u0161\u00edk"},"content":{"rendered":"\n","protected":false},"excerpt":{"rendered":"","protected":false},"author":1,"featured_media":0,"parent":0,"menu_order":0,"comment_status":"closed","ping_status":"closed","template":"","meta":{"footnotes":""},"class_list":["post-23566","page","type-page","status-publish","hentry"],"_links":{"self":[{"href":"https:\/\/shop.heliocos.de\/cs\/wp-json\/wp\/v2\/pages\/23566","targetHints":{"allow":["GET"]}}],"collection":[{"href":"https:\/\/shop.heliocos.de\/cs\/wp-json\/wp\/v2\/pages"}],"about":[{"href":"https:\/\/shop.heliocos.de\/cs\/wp-json\/wp\/v2\/types\/page"}],"author":[{"embeddable":true,"href":"https:\/\/shop.heliocos.de\/cs\/wp-json\/wp\/v2\/users\/1"}],"replies":[{"embeddable":true,"href":"https:\/\/shop.heliocos.de\/cs\/wp-json\/wp\/v2\/comments?post=23566"}],"version-history":[{"count":1,"href":"https:\/\/shop.heliocos.de\/cs\/wp-json\/wp\/v2\/pages\/23566\/revisions"}],"predecessor-version":[{"id":23567,"href":"https:\/\/shop.heliocos.de\/cs\/wp-json\/wp\/v2\/pages\/23566\/revisions\/23567"}],"wp:attachment":[{"href":"https:\/\/shop.heliocos.de\/cs\/wp-json\/wp\/v2\/media?parent=23566"}],"curies":[{"name":"wp","href":"https:\/\/api.w.org\/{rel}","templated":true}]}}